{"id":817,"date":"2023-09-21T16:55:43","date_gmt":"2023-09-21T14:55:43","guid":{"rendered":"http:\/\/mice-luxembourg.com\/?page_id=817"},"modified":"2025-08-21T13:20:41","modified_gmt":"2025-08-21T11:20:41","slug":"hotel","status":"publish","type":"page","link":"https:\/\/mice-luxembourg.com\/fr\/hotel\/","title":{"rendered":"H\u00f4tel"},"content":{"rendered":"\n<div class=\"wp-block-cover\"><img decoding=\"async\" width=\"2560\" height=\"1707\" class=\"wp-block-cover__image-background wp-image-2165\" alt=\"\" src=\"https:\/\/mice-luxembourg.com\/wp-content\/uploads\/2024\/11\/Q9A7075-scaled.jpg\" style=\"object-position:48% 10%\" data-object-fit=\"cover\" data-object-position=\"48% 10%\" srcset=\"https:\/\/mice-luxembourg.com\/wp-content\/uploads\/2024\/11\/Q9A7075-scaled.jpg 2560w, https:\/\/mice-luxembourg.com\/wp-content\/uploads\/2024\/11\/Q9A7075-300x200.jpg 300w, https:\/\/mice-luxembourg.com\/wp-content\/uploads\/2024\/11\/Q9A7075-1024x683.jpg 1024w, https:\/\/mice-luxembourg.com\/wp-content\/uploads\/2024\/11\/Q9A7075-768x512.jpg 768w, https:\/\/mice-luxembourg.com\/wp-content\/uploads\/2024\/11\/Q9A7075-1536x1024.jpg 1536w, https:\/\/mice-luxembourg.com\/wp-content\/uploads\/2024\/11\/Q9A7075-2048x1365.jpg 2048w\" sizes=\"(max-width: 2560px) 100vw, 2560px\" \/><span aria-hidden=\"true\" class=\"wp-block-cover__background has-background-dim\" style=\"background-color:#574b41\"><\/span><div class=\"wp-block-cover__inner-container is-layout-flow wp-block-cover-is-layout-flow\">\n<h1 class=\"wp-block-heading has-text-align-center has-white-color has-text-color has-large-font-size\" style=\"font-weight:700\">Bienvenue au Novotel Luxembourg Kirchberg<\/h1>\n\n\n\n<h1 class=\"wp-block-heading has-text-align-center has-white-color has-text-color has-normal-font-size\" style=\"font-weight:700\">O\u00f9 le confort rencontre l&rsquo;excellence \u00e0 chaque s\u00e9jour.<\/h1>\n<\/div><\/div>\n\n\n\n<div style=\"height:13px\" aria-hidden=\"true\" class=\"wp-block-spacer\"><\/div>\n\n\n\n<div class=\"wp-block-media-text alignwide has-media-on-the-right is-stacked-on-mobile\"><div class=\"wp-block-media-text__content\">\n<h2 class=\"wp-block-heading\">Your time, your way<\/h2>\n\n\n\n<p><strong>Anim\u00e9 &#8211; R\u00e9confortant &#8211; Dynamisant<\/strong><\/p>\n\n\n\n<p>Chez Novotel, nous croyons en un mode de vie \u00ab\u00a0slow living\u00a0\u00bb. Nos h\u00f4tels invitent les voyageurs d&rsquo;affaires \u00e0 prendre un moment pour se d\u00e9tendre, tout en encourageant les familles \u00e0 profiter de moments m\u00e9morables ensemble.<\/p>\n\n\n\n<p>Novotel Luxembourg Kirchberg est un espace intuitif qui vous permet de vous concentrer sur l&rsquo;essentiel. Nous croyons en la facilit\u00e9 du \u00ab\u00a0slow living\u00a0\u00bb. La conception de notre h\u00f4tel et nos services contribuent \u00e0 \u00e9quilibrer travail et plaisir pour une exp\u00e9rience harmonieuse.<\/p>\n\n\n\n<p>Philippe Capron, l&rsquo;architecte d&rsquo;int\u00e9rieur ayant r\u00e9nov\u00e9es nos chambres laisse pour message : <\/p>\n\n\n\n<p>\u00ab\u00a0L\u2019id\u00e9e principale est de cr\u00e9er dans le volume de cette chambre des espaces d\u00e9di\u00e9s au confort et \u00e0 la convivialit\u00e9. Des lumi\u00e8res douces aux tons chauds , une harmonie de teintes contribuent \u00e0 donner une nouvelle identit\u00e9, une nouvelle ambiance, une nouvelle exp\u00e9rience, y \u00eatre bien le jour , y \u00eatre bien la nuit. Les bois et mati\u00e8res aux tons chaleureux donnent \u00e0 cet espace une note naturelle. Cet espace est accompagn\u00e9 d\u2019\u0153uvres d\u2019art de Jocelyne Outrequin et de Michka, deux artistes fran\u00e7aises dont les images vous inviteront \u00e0 l\u2019imaginaire , au r\u00eave et \u00e0 la sensualit\u00e9.\u00a0\u00bb<\/p>\n<\/div><figure class=\"wp-block-media-text__media\"><img decoding=\"async\" width=\"1024\" height=\"671\" src=\"https:\/\/mice-luxembourg.com\/wp-content\/uploads\/2024\/03\/tenbrink_novotel_luxemburg_017-1024x671.jpg\" alt=\"\" class=\"wp-image-1794 size-full\" srcset=\"https:\/\/mice-luxembourg.com\/wp-content\/uploads\/2024\/03\/tenbrink_novotel_luxemburg_017-1024x671.jpg 1024w, https:\/\/mice-luxembourg.com\/wp-content\/uploads\/2024\/03\/tenbrink_novotel_luxemburg_017-300x197.jpg 300w, https:\/\/mice-luxembourg.com\/wp-content\/uploads\/2024\/03\/tenbrink_novotel_luxemburg_017-768x504.jpg 768w, https:\/\/mice-luxembourg.com\/wp-content\/uploads\/2024\/03\/tenbrink_novotel_luxemburg_017-1536x1007.jpg 1536w, https:\/\/mice-luxembourg.com\/wp-content\/uploads\/2024\/03\/tenbrink_novotel_luxemburg_017-2048x1343.jpg 2048w\" sizes=\"(max-width: 1024px) 100vw, 1024px\" \/><\/figure><\/div>\n\n\n\n<div class=\"wp-block-media-text alignwide is-stacked-on-mobile\"><figure class=\"wp-block-media-text__media\"><img decoding=\"async\" width=\"1024\" height=\"683\" src=\"https:\/\/mice-luxembourg.com\/wp-content\/uploads\/2023\/11\/O1I9108-1024x683.jpg\" alt=\"\" class=\"wp-image-1684 size-full\" srcset=\"https:\/\/mice-luxembourg.com\/wp-content\/uploads\/2023\/11\/O1I9108-1024x683.jpg 1024w, https:\/\/mice-luxembourg.com\/wp-content\/uploads\/2023\/11\/O1I9108-300x200.jpg 300w, https:\/\/mice-luxembourg.com\/wp-content\/uploads\/2023\/11\/O1I9108-768x512.jpg 768w, https:\/\/mice-luxembourg.com\/wp-content\/uploads\/2023\/11\/O1I9108-1536x1024.jpg 1536w, https:\/\/mice-luxembourg.com\/wp-content\/uploads\/2023\/11\/O1I9108-2048x1365.jpg 2048w\" sizes=\"(max-width: 1024px) 100vw, 1024px\" \/><\/figure><div class=\"wp-block-media-text__content\">\n<h2 class=\"wp-block-heading\">Redonner du temps au temps<\/h2>\n\n\n\n<p><strong>Se d\u00e9tendre et cr\u00e9er du lien<\/strong><\/p>\n\n\n\n<p>La passion du client est dans notre ADN, nos \u00e9quipes professionnelles et attentionn\u00e9es sont disponibles pour rendre votre s\u00e9jour le plus agr\u00e9able possible. La conception moderne et intuitive de nos installations offre une exp\u00e9rience fluide. \u00c0 l&rsquo;h\u00f4tel Novotel Luxembourg Kirchberg, nous proposons 260 chambres de 30m2 enti\u00e8rement \u00e9quip\u00e9es avec 2 chambres twin et 2 grands lits, des options de restauration 24h\/24, des espaces de co-working et des installations professionnelles pour vos r\u00e9unions. Afin de b\u00e9n\u00e9ficier d&rsquo;un s\u00e9jour VIP, d\u00e9couvrez nos chambre Ex\u00e9cutives pour un confort sans pr\u00e9c\u00e9dent.<\/p>\n\n\n\n<p>Nous proposons un chambre sp\u00e9cialement con\u00e7ue pour les personnes \u00e0 mobilit\u00e9 r\u00e9duite. Cette chambre est \u00e9quip\u00e9e de mani\u00e8re r\u00e9fl\u00e9chie pour offrir confort et commodit\u00e9.<\/p>\n\n\n\n<p>Nous cr\u00e9ons des \u00e9motions pour nos clients, nourris par une passion pour le service. Nous innovons pour fa\u00e7onner l&rsquo;avenir de l&rsquo;hospitalit\u00e9 et inspirer de nouvelles fa\u00e7ons de percevoir le monde.<\/p>\n<\/div><\/div>\n\n\n\n<div class=\"wp-block-media-text alignwide has-media-on-the-right is-stacked-on-mobile\"><div class=\"wp-block-media-text__content\">\n<h2 class=\"wp-block-heading\">\u00c9levez votre bien-\u00eatre<\/h2>\n\n\n\n<p><strong>D\u00e9couvrez notre salle de fitness<\/strong><\/p>\n\n\n\n<p>Plongez dans la tranquillit\u00e9 de notre zone fitness, o\u00f9 le rythme de votre c\u0153ur rencontre la paix de votre esprit. D\u00e9tendez-vous, rechargez vos batteries et d\u00e9couvrez votre \u00e9quilibre int\u00e9rieur tout en vous adonnant \u00e0 une exp\u00e9rience de remise en forme revigorante. Notre engagement envers votre bien-\u00eatre se refl\u00e8te dans chaque d\u00e9tail, de l&rsquo;ambiance apaisante \u00e0 l&rsquo;encadrement de nos entra\u00eeneurs experts, garantissant que votre parcours de remise en forme soit \u00e0 la fois stimulant et relaxant.<\/p>\n<\/div><figure class=\"wp-block-media-text__media\"><img decoding=\"async\" width=\"1024\" height=\"683\" src=\"https:\/\/mice-luxembourg.com\/wp-content\/uploads\/2025\/08\/Photos_Shooting_Novotel_25_04_25-46-1024x683.jpg\" alt=\"\" class=\"wp-image-2504 size-full\" srcset=\"https:\/\/mice-luxembourg.com\/wp-content\/uploads\/2025\/08\/Photos_Shooting_Novotel_25_04_25-46-1024x683.jpg 1024w, https:\/\/mice-luxembourg.com\/wp-content\/uploads\/2025\/08\/Photos_Shooting_Novotel_25_04_25-46-300x200.jpg 300w, https:\/\/mice-luxembourg.com\/wp-content\/uploads\/2025\/08\/Photos_Shooting_Novotel_25_04_25-46-768x512.jpg 768w, https:\/\/mice-luxembourg.com\/wp-content\/uploads\/2025\/08\/Photos_Shooting_Novotel_25_04_25-46-1536x1024.jpg 1536w, https:\/\/mice-luxembourg.com\/wp-content\/uploads\/2025\/08\/Photos_Shooting_Novotel_25_04_25-46-2048x1365.jpg 2048w\" sizes=\"(max-width: 1024px) 100vw, 1024px\" \/><\/figure><\/div>\n\n\n\n<div class=\"wp-block-media-text alignwide is-stacked-on-mobile\"><figure class=\"wp-block-media-text__media\"><img decoding=\"async\" width=\"1024\" height=\"1024\" src=\"https:\/\/mice-luxembourg.com\/wp-content\/uploads\/2024\/12\/GREEN-KEY_INSTA_Post_Certified-Announcement-1-1024x1024.jpg\" alt=\"\" class=\"wp-image-2258 size-full\" srcset=\"https:\/\/mice-luxembourg.com\/wp-content\/uploads\/2024\/12\/GREEN-KEY_INSTA_Post_Certified-Announcement-1-1024x1024.jpg 1024w, https:\/\/mice-luxembourg.com\/wp-content\/uploads\/2024\/12\/GREEN-KEY_INSTA_Post_Certified-Announcement-1-300x300.jpg 300w, https:\/\/mice-luxembourg.com\/wp-content\/uploads\/2024\/12\/GREEN-KEY_INSTA_Post_Certified-Announcement-1-150x150.jpg 150w, https:\/\/mice-luxembourg.com\/wp-content\/uploads\/2024\/12\/GREEN-KEY_INSTA_Post_Certified-Announcement-1-768x768.jpg 768w, https:\/\/mice-luxembourg.com\/wp-content\/uploads\/2024\/12\/GREEN-KEY_INSTA_Post_Certified-Announcement-1.jpg 1080w\" sizes=\"(max-width: 1024px) 100vw, 1024px\" \/><\/figure><div class=\"wp-block-media-text__content\">\n<h2 class=\"wp-block-heading\">B\u00e2tissons un Avenir Durable Ensemble<\/h2>\n\n\n\n<p><strong>Nos Engagements<\/strong><\/p>\n\n\n\n<p>Nous nous engageons en faveur de la durabilit\u00e9. Nous avons remplac\u00e9 les plastiques \u00e0 usage unique, install\u00e9 des fontaines \u00e0 eau pour votre commodit\u00e9 et servons des produits locaux. De plus, nous encourageons une utilisation responsable des ressources, ce qui signifie que nous ne lavons pas votre linge tous les jours, sauf sur demande.<\/p>\n\n\n\n<p>Pour encourager nos clients \u00e0 utiliser des moyens de transport plus respectueux de l&rsquo;environnement, nous mettons \u00e0 leur disposition des stations de recharge pour v\u00e9hicules \u00e9lectriques sur notre parking ext\u00e9rieur. Les places ne peuvent pas \u00eatre r\u00e9serv\u00e9es, mais la recharge de votre voiture est gratuite. Tous les transports en commun au Luxembourg sont gratuits, et nous sommes \u00e0 seulement 3 minutes de la station de tramway. Vous pouvez \u00e9galement louer des v\u00e9los publics \u00e0 la Philharmonie.<\/p>\n\n\n\n<p>Nous arborons fi\u00e8rement le label Green Key. De plus, nous avons \u00e9limin\u00e9 le plastique de nos chambres et nos gels douches en grand format sont \u00e9galement un exemple de notre engagement.<\/p>\n<\/div><\/div>\n","protected":false},"excerpt":{"rendered":"<p>Your time, your way Anim\u00e9 &#8211; R\u00e9confortant &#8211; Dynamisant Chez Novotel, nous croyons en un mode de vie \u00ab\u00a0slow living\u00a0\u00bb. Nos h\u00f4tels invitent les voyageurs d&rsquo;affaires \u00e0 prendre un moment pour se d\u00e9tendre, tout en encourageant les familles \u00e0 profiter de moments m\u00e9morables ensemble. Novotel Luxembourg Kirchberg est un espace intuitif qui vous permet de [&hellip;]<\/p>\n","protected":false},"author":1,"featured_media":0,"parent":0,"menu_order":0,"comment_status":"closed","ping_status":"closed","template":"","meta":{"_acf_changed":false,"footnotes":""},"class_list":["post-817","page","type-page","status-publish","hentry"],"acf":[],"yoast_head":"<!-- This site is optimized with the Yoast SEO plugin v27.3 - https:\/\/yoast.com\/product\/yoast-seo-wordpress\/ -->\n<title>H\u00f4tel Novotel Luxembourg Kirchberg - MICE Luxembourg<\/title>\n<meta name=\"description\" content=\"S\u00e9journez au Novotel Luxembourg Kirchberg. Profitez d&#039;un confort in\u00e9gal\u00e9, d&#039;installations modernes et d&#039;un service professionnel.\" \/>\n<meta name=\"robots\" content=\"index, follow, max-snippet:-1, max-image-preview:large, max-video-preview:-1\" \/>\n<link rel=\"canonical\" href=\"https:\/\/mice-luxembourg.com\/fr\/hotel\/\" \/>\n<meta property=\"og:locale\" content=\"fr_FR\" \/>\n<meta property=\"og:type\" content=\"article\" \/>\n<meta property=\"og:title\" content=\"H\u00f4tel Novotel Luxembourg Kirchberg - MICE Luxembourg\" \/>\n<meta property=\"og:description\" content=\"S\u00e9journez au Novotel Luxembourg Kirchberg. Profitez d&#039;un confort in\u00e9gal\u00e9, d&#039;installations modernes et d&#039;un service professionnel.\" \/>\n<meta property=\"og:url\" content=\"https:\/\/mice-luxembourg.com\/fr\/hotel\/\" \/>\n<meta property=\"og:site_name\" content=\"MICE Luxembourg\" \/>\n<meta property=\"article:modified_time\" content=\"2025-08-21T11:20:41+00:00\" \/>\n<meta property=\"og:image\" content=\"https:\/\/mice-luxembourg.com\/wp-content\/uploads\/2024\/11\/Q9A7075-scaled.jpg\" \/>\n\t<meta property=\"og:image:width\" content=\"2560\" \/>\n\t<meta property=\"og:image:height\" content=\"1707\" \/>\n\t<meta property=\"og:image:type\" content=\"image\/jpeg\" \/>\n<meta name=\"twitter:card\" content=\"summary_large_image\" \/>\n<meta name=\"twitter:label1\" content=\"Dur\u00e9e de lecture estim\u00e9e\" \/>\n\t<meta name=\"twitter:data1\" content=\"4 minutes\" \/>\n<script type=\"application\/ld+json\" class=\"yoast-schema-graph\">{\"@context\":\"https:\\\/\\\/schema.org\",\"@graph\":[{\"@type\":\"WebPage\",\"@id\":\"https:\\\/\\\/mice-luxembourg.com\\\/fr\\\/hotel\\\/\",\"url\":\"https:\\\/\\\/mice-luxembourg.com\\\/fr\\\/hotel\\\/\",\"name\":\"H\u00f4tel Novotel Luxembourg Kirchberg - MICE Luxembourg\",\"isPartOf\":{\"@id\":\"https:\\\/\\\/mice-luxembourg.com\\\/#website\"},\"primaryImageOfPage\":{\"@id\":\"https:\\\/\\\/mice-luxembourg.com\\\/fr\\\/hotel\\\/#primaryimage\"},\"image\":{\"@id\":\"https:\\\/\\\/mice-luxembourg.com\\\/fr\\\/hotel\\\/#primaryimage\"},\"thumbnailUrl\":\"https:\\\/\\\/mice-luxembourg.com\\\/wp-content\\\/uploads\\\/2024\\\/11\\\/Q9A7075-scaled.jpg\",\"datePublished\":\"2023-09-21T14:55:43+00:00\",\"dateModified\":\"2025-08-21T11:20:41+00:00\",\"description\":\"S\u00e9journez au Novotel Luxembourg Kirchberg. Profitez d'un confort in\u00e9gal\u00e9, d'installations modernes et d'un service professionnel.\",\"breadcrumb\":{\"@id\":\"https:\\\/\\\/mice-luxembourg.com\\\/fr\\\/hotel\\\/#breadcrumb\"},\"inLanguage\":\"fr-FR\",\"potentialAction\":[{\"@type\":\"ReadAction\",\"target\":[\"https:\\\/\\\/mice-luxembourg.com\\\/fr\\\/hotel\\\/\"]}]},{\"@type\":\"ImageObject\",\"inLanguage\":\"fr-FR\",\"@id\":\"https:\\\/\\\/mice-luxembourg.com\\\/fr\\\/hotel\\\/#primaryimage\",\"url\":\"https:\\\/\\\/mice-luxembourg.com\\\/wp-content\\\/uploads\\\/2024\\\/11\\\/Q9A7075-scaled.jpg\",\"contentUrl\":\"https:\\\/\\\/mice-luxembourg.com\\\/wp-content\\\/uploads\\\/2024\\\/11\\\/Q9A7075-scaled.jpg\"},{\"@type\":\"BreadcrumbList\",\"@id\":\"https:\\\/\\\/mice-luxembourg.com\\\/fr\\\/hotel\\\/#breadcrumb\",\"itemListElement\":[{\"@type\":\"ListItem\",\"position\":1,\"name\":\"Home\",\"item\":\"https:\\\/\\\/mice-luxembourg.com\\\/fr\\\/\"},{\"@type\":\"ListItem\",\"position\":2,\"name\":\"H\u00f4tel\"}]},{\"@type\":\"WebSite\",\"@id\":\"https:\\\/\\\/mice-luxembourg.com\\\/#website\",\"url\":\"https:\\\/\\\/mice-luxembourg.com\\\/\",\"name\":\"MICE Luxembourg\",\"description\":\"Novotel Luxembourg Kirchberg\",\"publisher\":{\"@id\":\"https:\\\/\\\/mice-luxembourg.com\\\/#organization\"},\"alternateName\":\"MICE LUX\",\"potentialAction\":[{\"@type\":\"SearchAction\",\"target\":{\"@type\":\"EntryPoint\",\"urlTemplate\":\"https:\\\/\\\/mice-luxembourg.com\\\/?s={search_term_string}\"},\"query-input\":{\"@type\":\"PropertyValueSpecification\",\"valueRequired\":true,\"valueName\":\"search_term_string\"}}],\"inLanguage\":\"fr-FR\"},{\"@type\":\"Organization\",\"@id\":\"https:\\\/\\\/mice-luxembourg.com\\\/#organization\",\"name\":\"MICE Luxembourg\",\"alternateName\":\"MICE LUX\",\"url\":\"https:\\\/\\\/mice-luxembourg.com\\\/\",\"logo\":{\"@type\":\"ImageObject\",\"inLanguage\":\"fr-FR\",\"@id\":\"https:\\\/\\\/mice-luxembourg.com\\\/#\\\/schema\\\/logo\\\/image\\\/\",\"url\":\"https:\\\/\\\/mice-luxembourg.com\\\/wp-content\\\/uploads\\\/2023\\\/07\\\/novotel-luxembourg-kirchberg-banquets-et-seminaires-logotype-white.svg\",\"contentUrl\":\"https:\\\/\\\/mice-luxembourg.com\\\/wp-content\\\/uploads\\\/2023\\\/07\\\/novotel-luxembourg-kirchberg-banquets-et-seminaires-logotype-white.svg\",\"caption\":\"MICE Luxembourg\"},\"image\":{\"@id\":\"https:\\\/\\\/mice-luxembourg.com\\\/#\\\/schema\\\/logo\\\/image\\\/\"}}]}<\/script>\n<!-- \/ Yoast SEO plugin. -->","yoast_head_json":{"title":"H\u00f4tel Novotel Luxembourg Kirchberg - MICE Luxembourg","description":"S\u00e9journez au Novotel Luxembourg Kirchberg. Profitez d'un confort in\u00e9gal\u00e9, d'installations modernes et d'un service professionnel.","robots":{"index":"index","follow":"follow","max-snippet":"max-snippet:-1","max-image-preview":"max-image-preview:large","max-video-preview":"max-video-preview:-1"},"canonical":"https:\/\/mice-luxembourg.com\/fr\/hotel\/","og_locale":"fr_FR","og_type":"article","og_title":"H\u00f4tel Novotel Luxembourg Kirchberg - MICE Luxembourg","og_description":"S\u00e9journez au Novotel Luxembourg Kirchberg. Profitez d'un confort in\u00e9gal\u00e9, d'installations modernes et d'un service professionnel.","og_url":"https:\/\/mice-luxembourg.com\/fr\/hotel\/","og_site_name":"MICE Luxembourg","article_modified_time":"2025-08-21T11:20:41+00:00","og_image":[{"width":2560,"height":1707,"url":"https:\/\/mice-luxembourg.com\/wp-content\/uploads\/2024\/11\/Q9A7075-scaled.jpg","type":"image\/jpeg"}],"twitter_card":"summary_large_image","twitter_misc":{"Dur\u00e9e de lecture estim\u00e9e":"4 minutes"},"schema":{"@context":"https:\/\/schema.org","@graph":[{"@type":"WebPage","@id":"https:\/\/mice-luxembourg.com\/fr\/hotel\/","url":"https:\/\/mice-luxembourg.com\/fr\/hotel\/","name":"H\u00f4tel Novotel Luxembourg Kirchberg - MICE Luxembourg","isPartOf":{"@id":"https:\/\/mice-luxembourg.com\/#website"},"primaryImageOfPage":{"@id":"https:\/\/mice-luxembourg.com\/fr\/hotel\/#primaryimage"},"image":{"@id":"https:\/\/mice-luxembourg.com\/fr\/hotel\/#primaryimage"},"thumbnailUrl":"https:\/\/mice-luxembourg.com\/wp-content\/uploads\/2024\/11\/Q9A7075-scaled.jpg","datePublished":"2023-09-21T14:55:43+00:00","dateModified":"2025-08-21T11:20:41+00:00","description":"S\u00e9journez au Novotel Luxembourg Kirchberg. Profitez d'un confort in\u00e9gal\u00e9, d'installations modernes et d'un service professionnel.","breadcrumb":{"@id":"https:\/\/mice-luxembourg.com\/fr\/hotel\/#breadcrumb"},"inLanguage":"fr-FR","potentialAction":[{"@type":"ReadAction","target":["https:\/\/mice-luxembourg.com\/fr\/hotel\/"]}]},{"@type":"ImageObject","inLanguage":"fr-FR","@id":"https:\/\/mice-luxembourg.com\/fr\/hotel\/#primaryimage","url":"https:\/\/mice-luxembourg.com\/wp-content\/uploads\/2024\/11\/Q9A7075-scaled.jpg","contentUrl":"https:\/\/mice-luxembourg.com\/wp-content\/uploads\/2024\/11\/Q9A7075-scaled.jpg"},{"@type":"BreadcrumbList","@id":"https:\/\/mice-luxembourg.com\/fr\/hotel\/#breadcrumb","itemListElement":[{"@type":"ListItem","position":1,"name":"Home","item":"https:\/\/mice-luxembourg.com\/fr\/"},{"@type":"ListItem","position":2,"name":"H\u00f4tel"}]},{"@type":"WebSite","@id":"https:\/\/mice-luxembourg.com\/#website","url":"https:\/\/mice-luxembourg.com\/","name":"MICE Luxembourg","description":"Novotel Luxembourg Kirchberg","publisher":{"@id":"https:\/\/mice-luxembourg.com\/#organization"},"alternateName":"MICE LUX","potentialAction":[{"@type":"SearchAction","target":{"@type":"EntryPoint","urlTemplate":"https:\/\/mice-luxembourg.com\/?s={search_term_string}"},"query-input":{"@type":"PropertyValueSpecification","valueRequired":true,"valueName":"search_term_string"}}],"inLanguage":"fr-FR"},{"@type":"Organization","@id":"https:\/\/mice-luxembourg.com\/#organization","name":"MICE Luxembourg","alternateName":"MICE LUX","url":"https:\/\/mice-luxembourg.com\/","logo":{"@type":"ImageObject","inLanguage":"fr-FR","@id":"https:\/\/mice-luxembourg.com\/#\/schema\/logo\/image\/","url":"https:\/\/mice-luxembourg.com\/wp-content\/uploads\/2023\/07\/novotel-luxembourg-kirchberg-banquets-et-seminaires-logotype-white.svg","contentUrl":"https:\/\/mice-luxembourg.com\/wp-content\/uploads\/2023\/07\/novotel-luxembourg-kirchberg-banquets-et-seminaires-logotype-white.svg","caption":"MICE Luxembourg"},"image":{"@id":"https:\/\/mice-luxembourg.com\/#\/schema\/logo\/image\/"}}]}},"_links":{"self":[{"href":"https:\/\/mice-luxembourg.com\/fr\/wp-json\/wp\/v2\/pages\/817","targetHints":{"allow":["GET"]}}],"collection":[{"href":"https:\/\/mice-luxembourg.com\/fr\/wp-json\/wp\/v2\/pages"}],"about":[{"href":"https:\/\/mice-luxembourg.com\/fr\/wp-json\/wp\/v2\/types\/page"}],"author":[{"embeddable":true,"href":"https:\/\/mice-luxembourg.com\/fr\/wp-json\/wp\/v2\/users\/1"}],"replies":[{"embeddable":true,"href":"https:\/\/mice-luxembourg.com\/fr\/wp-json\/wp\/v2\/comments?post=817"}],"version-history":[{"count":10,"href":"https:\/\/mice-luxembourg.com\/fr\/wp-json\/wp\/v2\/pages\/817\/revisions"}],"predecessor-version":[{"id":2506,"href":"https:\/\/mice-luxembourg.com\/fr\/wp-json\/wp\/v2\/pages\/817\/revisions\/2506"}],"wp:attachment":[{"href":"https:\/\/mice-luxembourg.com\/fr\/wp-json\/wp\/v2\/media?parent=817"}],"curies":[{"name":"wp","href":"https:\/\/api.w.org\/{rel}","templated":true}]}}