{"id":811,"date":"2023-09-21T16:50:44","date_gmt":"2023-09-21T14:50:44","guid":{"rendered":"http:\/\/mice-luxembourg.com\/?page_id=811"},"modified":"2024-11-20T12:17:52","modified_gmt":"2024-11-20T11:17:52","slug":"gallery","status":"publish","type":"page","link":"https:\/\/mice-luxembourg.com\/fr\/gallery\/","title":{"rendered":"Galerie"},"content":{"rendered":"\n<div class=\"wp-block-cover is-light\"><span aria-hidden=\"true\" class=\"wp-block-cover__background has-background-dim-40 has-background-dim\" style=\"background-color:#918b85\"><\/span><img decoding=\"async\" width=\"2560\" height=\"1707\" class=\"wp-block-cover__image-background wp-image-2176\" alt=\"\" src=\"https:\/\/mice-luxembourg.com\/wp-content\/uploads\/2024\/11\/Q9A6643-scaled.jpg\" style=\"object-position:52% 68%\" data-object-fit=\"cover\" data-object-position=\"52% 68%\" srcset=\"https:\/\/mice-luxembourg.com\/wp-content\/uploads\/2024\/11\/Q9A6643-scaled.jpg 2560w, https:\/\/mice-luxembourg.com\/wp-content\/uploads\/2024\/11\/Q9A6643-300x200.jpg 300w, https:\/\/mice-luxembourg.com\/wp-content\/uploads\/2024\/11\/Q9A6643-1024x683.jpg 1024w, https:\/\/mice-luxembourg.com\/wp-content\/uploads\/2024\/11\/Q9A6643-768x512.jpg 768w, https:\/\/mice-luxembourg.com\/wp-content\/uploads\/2024\/11\/Q9A6643-1536x1024.jpg 1536w, https:\/\/mice-luxembourg.com\/wp-content\/uploads\/2024\/11\/Q9A6643-2048x1365.jpg 2048w\" sizes=\"(max-width: 2560px) 100vw, 2560px\" \/><div class=\"wp-block-cover__inner-container is-layout-flow wp-block-cover-is-layout-flow\">\n<h1 class=\"wp-block-heading has-text-align-center has-white-color has-text-color has-large-font-size\" style=\"font-weight:700\">Galerie<\/h1>\n\n\n\n<p class=\"has-text-align-center has-white-color has-text-color\">Un voyage visuel \u00e0 travers des moments m\u00e9morables.<\/p>\n<\/div><\/div>\n\n\n\n<div style=\"height:10px\" aria-hidden=\"true\" class=\"wp-block-spacer\"><\/div>\n\n\n\n<figure class=\"wp-block-gallery has-nested-images columns-default is-cropped wp-block-gallery-1 is-layout-flex wp-block-gallery-is-layout-flex\">\n<figure class=\"wp-block-image size-full\"><img decoding=\"async\" width=\"1024\" height=\"683\" data-id=\"2187\" src=\"https:\/\/mice-luxembourg.com\/wp-content\/uploads\/2024\/11\/7230-62.jpg\" alt=\"\" class=\"wp-image-2187\" srcset=\"https:\/\/mice-luxembourg.com\/wp-content\/uploads\/2024\/11\/7230-62.jpg 1024w, https:\/\/mice-luxembourg.com\/wp-content\/uploads\/2024\/11\/7230-62-300x200.jpg 300w, https:\/\/mice-luxembourg.com\/wp-content\/uploads\/2024\/11\/7230-62-768x512.jpg 768w\" sizes=\"(max-width: 1024px) 100vw, 1024px\" \/><\/figure>\n\n\n\n<figure class=\"wp-block-image size-large\"><img decoding=\"async\" width=\"1024\" height=\"683\" data-id=\"2178\" src=\"https:\/\/mice-luxembourg.com\/wp-content\/uploads\/2024\/11\/Q9A6610-1024x683.jpg\" alt=\"\" class=\"wp-image-2178\" srcset=\"https:\/\/mice-luxembourg.com\/wp-content\/uploads\/2024\/11\/Q9A6610-1024x683.jpg 1024w, https:\/\/mice-luxembourg.com\/wp-content\/uploads\/2024\/11\/Q9A6610-300x200.jpg 300w, https:\/\/mice-luxembourg.com\/wp-content\/uploads\/2024\/11\/Q9A6610-768x512.jpg 768w, https:\/\/mice-luxembourg.com\/wp-content\/uploads\/2024\/11\/Q9A6610-1536x1024.jpg 1536w, https:\/\/mice-luxembourg.com\/wp-content\/uploads\/2024\/11\/Q9A6610-2048x1365.jpg 2048w\" sizes=\"(max-width: 1024px) 100vw, 1024px\" \/><\/figure>\n\n\n\n<figure class=\"wp-block-image size-full\"><img decoding=\"async\" width=\"2560\" height=\"1707\" data-id=\"2185\" src=\"https:\/\/mice-luxembourg.com\/wp-content\/uploads\/2024\/11\/Q9A6836-scaled.jpg\" alt=\"\" class=\"wp-image-2185\" srcset=\"https:\/\/mice-luxembourg.com\/wp-content\/uploads\/2024\/11\/Q9A6836-scaled.jpg 2560w, https:\/\/mice-luxembourg.com\/wp-content\/uploads\/2024\/11\/Q9A6836-300x200.jpg 300w, https:\/\/mice-luxembourg.com\/wp-content\/uploads\/2024\/11\/Q9A6836-1024x683.jpg 1024w, https:\/\/mice-luxembourg.com\/wp-content\/uploads\/2024\/11\/Q9A6836-768x512.jpg 768w, https:\/\/mice-luxembourg.com\/wp-content\/uploads\/2024\/11\/Q9A6836-1536x1024.jpg 1536w, https:\/\/mice-luxembourg.com\/wp-content\/uploads\/2024\/11\/Q9A6836-2048x1365.jpg 2048w\" sizes=\"(max-width: 2560px) 100vw, 2560px\" \/><\/figure>\n\n\n\n<figure class=\"wp-block-image size-large\"><img decoding=\"async\" width=\"1024\" height=\"685\" data-id=\"1841\" src=\"https:\/\/mice-luxembourg.com\/wp-content\/uploads\/2024\/05\/Alexandra-Board-1024x685.jpg\" alt=\"\" class=\"wp-image-1841\" srcset=\"https:\/\/mice-luxembourg.com\/wp-content\/uploads\/2024\/05\/Alexandra-Board-1024x685.jpg 1024w, https:\/\/mice-luxembourg.com\/wp-content\/uploads\/2024\/05\/Alexandra-Board-300x201.jpg 300w, https:\/\/mice-luxembourg.com\/wp-content\/uploads\/2024\/05\/Alexandra-Board-768x513.jpg 768w, https:\/\/mice-luxembourg.com\/wp-content\/uploads\/2024\/05\/Alexandra-Board-1536x1027.jpg 1536w, https:\/\/mice-luxembourg.com\/wp-content\/uploads\/2024\/05\/Alexandra-Board-2048x1369.jpg 2048w\" sizes=\"(max-width: 1024px) 100vw, 1024px\" \/><\/figure>\n\n\n\n<figure class=\"wp-block-image size-large\"><img decoding=\"async\" width=\"1024\" height=\"622\" data-id=\"1779\" src=\"https:\/\/mice-luxembourg.com\/wp-content\/uploads\/2024\/02\/DSCF7009-2-1024x622.jpg\" alt=\"\" class=\"wp-image-1779\" srcset=\"https:\/\/mice-luxembourg.com\/wp-content\/uploads\/2024\/02\/DSCF7009-2-1024x622.jpg 1024w, https:\/\/mice-luxembourg.com\/wp-content\/uploads\/2024\/02\/DSCF7009-2-300x182.jpg 300w, https:\/\/mice-luxembourg.com\/wp-content\/uploads\/2024\/02\/DSCF7009-2-768x466.jpg 768w, https:\/\/mice-luxembourg.com\/wp-content\/uploads\/2024\/02\/DSCF7009-2-1536x932.jpg 1536w, https:\/\/mice-luxembourg.com\/wp-content\/uploads\/2024\/02\/DSCF7009-2-2048x1243.jpg 2048w\" sizes=\"(max-width: 1024px) 100vw, 1024px\" \/><\/figure>\n\n\n\n<figure class=\"wp-block-image size-full\"><img decoding=\"async\" width=\"2281\" height=\"1521\" data-id=\"1981\" src=\"https:\/\/mice-luxembourg.com\/wp-content\/uploads\/2024\/10\/Junco_Luxembourg_10_2024_2969_FA.jpg\" alt=\"\" class=\"wp-image-1981\" srcset=\"https:\/\/mice-luxembourg.com\/wp-content\/uploads\/2024\/10\/Junco_Luxembourg_10_2024_2969_FA.jpg 2281w, https:\/\/mice-luxembourg.com\/wp-content\/uploads\/2024\/10\/Junco_Luxembourg_10_2024_2969_FA-300x200.jpg 300w, https:\/\/mice-luxembourg.com\/wp-content\/uploads\/2024\/10\/Junco_Luxembourg_10_2024_2969_FA-1024x683.jpg 1024w, https:\/\/mice-luxembourg.com\/wp-content\/uploads\/2024\/10\/Junco_Luxembourg_10_2024_2969_FA-768x512.jpg 768w, https:\/\/mice-luxembourg.com\/wp-content\/uploads\/2024\/10\/Junco_Luxembourg_10_2024_2969_FA-1536x1024.jpg 1536w, https:\/\/mice-luxembourg.com\/wp-content\/uploads\/2024\/10\/Junco_Luxembourg_10_2024_2969_FA-2048x1366.jpg 2048w\" sizes=\"(max-width: 2281px) 100vw, 2281px\" \/><\/figure>\n\n\n\n<figure class=\"wp-block-image size-large\"><img decoding=\"async\" width=\"1024\" height=\"683\" data-id=\"1753\" src=\"https:\/\/mice-luxembourg.com\/wp-content\/uploads\/2023\/12\/O1I8474-1024x683.jpg\" alt=\"\" class=\"wp-image-1753\" srcset=\"https:\/\/mice-luxembourg.com\/wp-content\/uploads\/2023\/12\/O1I8474-1024x683.jpg 1024w, https:\/\/mice-luxembourg.com\/wp-content\/uploads\/2023\/12\/O1I8474-300x200.jpg 300w, https:\/\/mice-luxembourg.com\/wp-content\/uploads\/2023\/12\/O1I8474-768x512.jpg 768w, https:\/\/mice-luxembourg.com\/wp-content\/uploads\/2023\/12\/O1I8474-1536x1024.jpg 1536w, https:\/\/mice-luxembourg.com\/wp-content\/uploads\/2023\/12\/O1I8474-2048x1365.jpg 2048w\" sizes=\"(max-width: 1024px) 100vw, 1024px\" \/><\/figure>\n\n\n\n<figure class=\"wp-block-image size-large\"><img decoding=\"async\" width=\"1024\" height=\"683\" data-id=\"2181\" src=\"https:\/\/mice-luxembourg.com\/wp-content\/uploads\/2024\/11\/Q9A6795-1024x683.jpg\" alt=\"\" class=\"wp-image-2181\" srcset=\"https:\/\/mice-luxembourg.com\/wp-content\/uploads\/2024\/11\/Q9A6795-1024x683.jpg 1024w, https:\/\/mice-luxembourg.com\/wp-content\/uploads\/2024\/11\/Q9A6795-300x200.jpg 300w, https:\/\/mice-luxembourg.com\/wp-content\/uploads\/2024\/11\/Q9A6795-768x512.jpg 768w, https:\/\/mice-luxembourg.com\/wp-content\/uploads\/2024\/11\/Q9A6795-1536x1024.jpg 1536w, https:\/\/mice-luxembourg.com\/wp-content\/uploads\/2024\/11\/Q9A6795-2048x1365.jpg 2048w\" sizes=\"(max-width: 1024px) 100vw, 1024px\" \/><\/figure>\n\n\n\n<figure class=\"wp-block-image size-large\"><img decoding=\"async\" width=\"1024\" height=\"683\" data-id=\"2183\" src=\"https:\/\/mice-luxembourg.com\/wp-content\/uploads\/2024\/11\/Q9A6721-1024x683.jpg\" alt=\"\" class=\"wp-image-2183\" srcset=\"https:\/\/mice-luxembourg.com\/wp-content\/uploads\/2024\/11\/Q9A6721-1024x683.jpg 1024w, https:\/\/mice-luxembourg.com\/wp-content\/uploads\/2024\/11\/Q9A6721-300x200.jpg 300w, https:\/\/mice-luxembourg.com\/wp-content\/uploads\/2024\/11\/Q9A6721-768x512.jpg 768w, https:\/\/mice-luxembourg.com\/wp-content\/uploads\/2024\/11\/Q9A6721-1536x1024.jpg 1536w, https:\/\/mice-luxembourg.com\/wp-content\/uploads\/2024\/11\/Q9A6721-2048x1365.jpg 2048w\" sizes=\"(max-width: 1024px) 100vw, 1024px\" \/><\/figure>\n<\/figure>\n\n\n\n<p><\/p>\n","protected":false},"excerpt":{"rendered":"","protected":false},"author":1,"featured_media":0,"parent":0,"menu_order":0,"comment_status":"closed","ping_status":"closed","template":"","meta":{"_acf_changed":false,"footnotes":""},"class_list":["post-811","page","type-page","status-publish","hentry"],"acf":[],"yoast_head":"<!-- This site is optimized with the Yoast SEO plugin v27.3 - https:\/\/yoast.com\/product\/yoast-seo-wordpress\/ -->\n<title>Galerie - MICE Luxembourg<\/title>\n<meta name=\"description\" content=\"Plongez dans l&#039;univers visuel de MICE Luxembourg avec notre galerie. D\u00e9couvrez nos espaces \u00e9v\u00e9nementiels, nos services, et les moments forts.\" \/>\n<meta name=\"robots\" content=\"index, follow, max-snippet:-1, max-image-preview:large, max-video-preview:-1\" \/>\n<link rel=\"canonical\" href=\"https:\/\/mice-luxembourg.com\/fr\/gallery\/\" \/>\n<meta property=\"og:locale\" content=\"fr_FR\" \/>\n<meta property=\"og:type\" content=\"article\" \/>\n<meta property=\"og:title\" content=\"Galerie - MICE Luxembourg\" \/>\n<meta property=\"og:description\" content=\"Plongez dans l&#039;univers visuel de MICE Luxembourg avec notre galerie. D\u00e9couvrez nos espaces \u00e9v\u00e9nementiels, nos services, et les moments forts.\" \/>\n<meta property=\"og:url\" content=\"https:\/\/mice-luxembourg.com\/fr\/gallery\/\" \/>\n<meta property=\"og:site_name\" content=\"MICE Luxembourg\" \/>\n<meta property=\"article:modified_time\" content=\"2024-11-20T11:17:52+00:00\" \/>\n<meta property=\"og:image\" content=\"https:\/\/mice-luxembourg.com\/wp-content\/uploads\/2024\/11\/Q9A6643-scaled.jpg\" \/>\n\t<meta property=\"og:image:width\" content=\"2560\" \/>\n\t<meta property=\"og:image:height\" content=\"1707\" \/>\n\t<meta property=\"og:image:type\" content=\"image\/jpeg\" \/>\n<meta name=\"twitter:card\" content=\"summary_large_image\" \/>\n<meta name=\"twitter:label1\" content=\"Dur\u00e9e de lecture estim\u00e9e\" \/>\n\t<meta name=\"twitter:data1\" content=\"3 minutes\" \/>\n<script type=\"application\/ld+json\" class=\"yoast-schema-graph\">{\"@context\":\"https:\\\/\\\/schema.org\",\"@graph\":[{\"@type\":\"WebPage\",\"@id\":\"https:\\\/\\\/mice-luxembourg.com\\\/fr\\\/gallery\\\/\",\"url\":\"https:\\\/\\\/mice-luxembourg.com\\\/fr\\\/gallery\\\/\",\"name\":\"Galerie - MICE Luxembourg\",\"isPartOf\":{\"@id\":\"https:\\\/\\\/mice-luxembourg.com\\\/#website\"},\"primaryImageOfPage\":{\"@id\":\"https:\\\/\\\/mice-luxembourg.com\\\/fr\\\/gallery\\\/#primaryimage\"},\"image\":{\"@id\":\"https:\\\/\\\/mice-luxembourg.com\\\/fr\\\/gallery\\\/#primaryimage\"},\"thumbnailUrl\":\"https:\\\/\\\/mice-luxembourg.com\\\/wp-content\\\/uploads\\\/2024\\\/11\\\/Q9A6643-scaled.jpg\",\"datePublished\":\"2023-09-21T14:50:44+00:00\",\"dateModified\":\"2024-11-20T11:17:52+00:00\",\"description\":\"Plongez dans l'univers visuel de MICE Luxembourg avec notre galerie. D\u00e9couvrez nos espaces \u00e9v\u00e9nementiels, nos services, et les moments forts.\",\"breadcrumb\":{\"@id\":\"https:\\\/\\\/mice-luxembourg.com\\\/fr\\\/gallery\\\/#breadcrumb\"},\"inLanguage\":\"fr-FR\",\"potentialAction\":[{\"@type\":\"ReadAction\",\"target\":[\"https:\\\/\\\/mice-luxembourg.com\\\/fr\\\/gallery\\\/\"]}]},{\"@type\":\"ImageObject\",\"inLanguage\":\"fr-FR\",\"@id\":\"https:\\\/\\\/mice-luxembourg.com\\\/fr\\\/gallery\\\/#primaryimage\",\"url\":\"https:\\\/\\\/mice-luxembourg.com\\\/wp-content\\\/uploads\\\/2024\\\/11\\\/Q9A6643-scaled.jpg\",\"contentUrl\":\"https:\\\/\\\/mice-luxembourg.com\\\/wp-content\\\/uploads\\\/2024\\\/11\\\/Q9A6643-scaled.jpg\"},{\"@type\":\"BreadcrumbList\",\"@id\":\"https:\\\/\\\/mice-luxembourg.com\\\/fr\\\/gallery\\\/#breadcrumb\",\"itemListElement\":[{\"@type\":\"ListItem\",\"position\":1,\"name\":\"Home\",\"item\":\"https:\\\/\\\/mice-luxembourg.com\\\/fr\\\/\"},{\"@type\":\"ListItem\",\"position\":2,\"name\":\"Galerie\"}]},{\"@type\":\"WebSite\",\"@id\":\"https:\\\/\\\/mice-luxembourg.com\\\/#website\",\"url\":\"https:\\\/\\\/mice-luxembourg.com\\\/\",\"name\":\"MICE Luxembourg\",\"description\":\"Novotel Luxembourg Kirchberg\",\"publisher\":{\"@id\":\"https:\\\/\\\/mice-luxembourg.com\\\/#organization\"},\"alternateName\":\"MICE LUX\",\"potentialAction\":[{\"@type\":\"SearchAction\",\"target\":{\"@type\":\"EntryPoint\",\"urlTemplate\":\"https:\\\/\\\/mice-luxembourg.com\\\/?s={search_term_string}\"},\"query-input\":{\"@type\":\"PropertyValueSpecification\",\"valueRequired\":true,\"valueName\":\"search_term_string\"}}],\"inLanguage\":\"fr-FR\"},{\"@type\":\"Organization\",\"@id\":\"https:\\\/\\\/mice-luxembourg.com\\\/#organization\",\"name\":\"MICE Luxembourg\",\"alternateName\":\"MICE LUX\",\"url\":\"https:\\\/\\\/mice-luxembourg.com\\\/\",\"logo\":{\"@type\":\"ImageObject\",\"inLanguage\":\"fr-FR\",\"@id\":\"https:\\\/\\\/mice-luxembourg.com\\\/#\\\/schema\\\/logo\\\/image\\\/\",\"url\":\"https:\\\/\\\/mice-luxembourg.com\\\/wp-content\\\/uploads\\\/2023\\\/07\\\/novotel-luxembourg-kirchberg-banquets-et-seminaires-logotype-white.svg\",\"contentUrl\":\"https:\\\/\\\/mice-luxembourg.com\\\/wp-content\\\/uploads\\\/2023\\\/07\\\/novotel-luxembourg-kirchberg-banquets-et-seminaires-logotype-white.svg\",\"caption\":\"MICE Luxembourg\"},\"image\":{\"@id\":\"https:\\\/\\\/mice-luxembourg.com\\\/#\\\/schema\\\/logo\\\/image\\\/\"}}]}<\/script>\n<!-- \/ Yoast SEO plugin. -->","yoast_head_json":{"title":"Galerie - MICE Luxembourg","description":"Plongez dans l'univers visuel de MICE Luxembourg avec notre galerie. D\u00e9couvrez nos espaces \u00e9v\u00e9nementiels, nos services, et les moments forts.","robots":{"index":"index","follow":"follow","max-snippet":"max-snippet:-1","max-image-preview":"max-image-preview:large","max-video-preview":"max-video-preview:-1"},"canonical":"https:\/\/mice-luxembourg.com\/fr\/gallery\/","og_locale":"fr_FR","og_type":"article","og_title":"Galerie - MICE Luxembourg","og_description":"Plongez dans l'univers visuel de MICE Luxembourg avec notre galerie. D\u00e9couvrez nos espaces \u00e9v\u00e9nementiels, nos services, et les moments forts.","og_url":"https:\/\/mice-luxembourg.com\/fr\/gallery\/","og_site_name":"MICE Luxembourg","article_modified_time":"2024-11-20T11:17:52+00:00","og_image":[{"width":2560,"height":1707,"url":"https:\/\/mice-luxembourg.com\/wp-content\/uploads\/2024\/11\/Q9A6643-scaled.jpg","type":"image\/jpeg"}],"twitter_card":"summary_large_image","twitter_misc":{"Dur\u00e9e de lecture estim\u00e9e":"3 minutes"},"schema":{"@context":"https:\/\/schema.org","@graph":[{"@type":"WebPage","@id":"https:\/\/mice-luxembourg.com\/fr\/gallery\/","url":"https:\/\/mice-luxembourg.com\/fr\/gallery\/","name":"Galerie - MICE Luxembourg","isPartOf":{"@id":"https:\/\/mice-luxembourg.com\/#website"},"primaryImageOfPage":{"@id":"https:\/\/mice-luxembourg.com\/fr\/gallery\/#primaryimage"},"image":{"@id":"https:\/\/mice-luxembourg.com\/fr\/gallery\/#primaryimage"},"thumbnailUrl":"https:\/\/mice-luxembourg.com\/wp-content\/uploads\/2024\/11\/Q9A6643-scaled.jpg","datePublished":"2023-09-21T14:50:44+00:00","dateModified":"2024-11-20T11:17:52+00:00","description":"Plongez dans l'univers visuel de MICE Luxembourg avec notre galerie. D\u00e9couvrez nos espaces \u00e9v\u00e9nementiels, nos services, et les moments forts.","breadcrumb":{"@id":"https:\/\/mice-luxembourg.com\/fr\/gallery\/#breadcrumb"},"inLanguage":"fr-FR","potentialAction":[{"@type":"ReadAction","target":["https:\/\/mice-luxembourg.com\/fr\/gallery\/"]}]},{"@type":"ImageObject","inLanguage":"fr-FR","@id":"https:\/\/mice-luxembourg.com\/fr\/gallery\/#primaryimage","url":"https:\/\/mice-luxembourg.com\/wp-content\/uploads\/2024\/11\/Q9A6643-scaled.jpg","contentUrl":"https:\/\/mice-luxembourg.com\/wp-content\/uploads\/2024\/11\/Q9A6643-scaled.jpg"},{"@type":"BreadcrumbList","@id":"https:\/\/mice-luxembourg.com\/fr\/gallery\/#breadcrumb","itemListElement":[{"@type":"ListItem","position":1,"name":"Home","item":"https:\/\/mice-luxembourg.com\/fr\/"},{"@type":"ListItem","position":2,"name":"Galerie"}]},{"@type":"WebSite","@id":"https:\/\/mice-luxembourg.com\/#website","url":"https:\/\/mice-luxembourg.com\/","name":"MICE Luxembourg","description":"Novotel Luxembourg Kirchberg","publisher":{"@id":"https:\/\/mice-luxembourg.com\/#organization"},"alternateName":"MICE LUX","potentialAction":[{"@type":"SearchAction","target":{"@type":"EntryPoint","urlTemplate":"https:\/\/mice-luxembourg.com\/?s={search_term_string}"},"query-input":{"@type":"PropertyValueSpecification","valueRequired":true,"valueName":"search_term_string"}}],"inLanguage":"fr-FR"},{"@type":"Organization","@id":"https:\/\/mice-luxembourg.com\/#organization","name":"MICE Luxembourg","alternateName":"MICE LUX","url":"https:\/\/mice-luxembourg.com\/","logo":{"@type":"ImageObject","inLanguage":"fr-FR","@id":"https:\/\/mice-luxembourg.com\/#\/schema\/logo\/image\/","url":"https:\/\/mice-luxembourg.com\/wp-content\/uploads\/2023\/07\/novotel-luxembourg-kirchberg-banquets-et-seminaires-logotype-white.svg","contentUrl":"https:\/\/mice-luxembourg.com\/wp-content\/uploads\/2023\/07\/novotel-luxembourg-kirchberg-banquets-et-seminaires-logotype-white.svg","caption":"MICE Luxembourg"},"image":{"@id":"https:\/\/mice-luxembourg.com\/#\/schema\/logo\/image\/"}}]}},"_links":{"self":[{"href":"https:\/\/mice-luxembourg.com\/fr\/wp-json\/wp\/v2\/pages\/811","targetHints":{"allow":["GET"]}}],"collection":[{"href":"https:\/\/mice-luxembourg.com\/fr\/wp-json\/wp\/v2\/pages"}],"about":[{"href":"https:\/\/mice-luxembourg.com\/fr\/wp-json\/wp\/v2\/types\/page"}],"author":[{"embeddable":true,"href":"https:\/\/mice-luxembourg.com\/fr\/wp-json\/wp\/v2\/users\/1"}],"replies":[{"embeddable":true,"href":"https:\/\/mice-luxembourg.com\/fr\/wp-json\/wp\/v2\/comments?post=811"}],"version-history":[{"count":5,"href":"https:\/\/mice-luxembourg.com\/fr\/wp-json\/wp\/v2\/pages\/811\/revisions"}],"predecessor-version":[{"id":2189,"href":"https:\/\/mice-luxembourg.com\/fr\/wp-json\/wp\/v2\/pages\/811\/revisions\/2189"}],"wp:attachment":[{"href":"https:\/\/mice-luxembourg.com\/fr\/wp-json\/wp\/v2\/media?parent=811"}],"curies":[{"name":"wp","href":"https:\/\/api.w.org\/{rel}","templated":true}]}}