{"id":365,"date":"2023-07-27T15:14:57","date_gmt":"2023-07-27T13:14:57","guid":{"rendered":"http:\/\/mice-luxembourg.com\/?page_id=365"},"modified":"2025-01-13T17:16:29","modified_gmt":"2025-01-13T16:16:29","slug":"catering","status":"publish","type":"page","link":"https:\/\/mice-luxembourg.com\/fr\/catering\/","title":{"rendered":"Restauration"},"content":{"rendered":"\n<div class=\"wp-block-cover is-light pattern-banner\" style=\"min-height:472px;aspect-ratio:unset;\"><span aria-hidden=\"true\" class=\"wp-block-cover__background has-background-dim-60 has-background-dim\" style=\"background-color:#8e8b7b\"><\/span><img decoding=\"async\" width=\"2560\" height=\"1707\" class=\"wp-block-cover__image-background wp-image-2168\" alt=\"\" src=\"https:\/\/mice-luxembourg.com\/wp-content\/uploads\/2024\/11\/Q9A6672-scaled.jpg\" style=\"object-position:50% 57%\" data-object-fit=\"cover\" data-object-position=\"50% 57%\" srcset=\"https:\/\/mice-luxembourg.com\/wp-content\/uploads\/2024\/11\/Q9A6672-scaled.jpg 2560w, https:\/\/mice-luxembourg.com\/wp-content\/uploads\/2024\/11\/Q9A6672-300x200.jpg 300w, https:\/\/mice-luxembourg.com\/wp-content\/uploads\/2024\/11\/Q9A6672-1024x683.jpg 1024w, https:\/\/mice-luxembourg.com\/wp-content\/uploads\/2024\/11\/Q9A6672-768x512.jpg 768w, https:\/\/mice-luxembourg.com\/wp-content\/uploads\/2024\/11\/Q9A6672-1536x1024.jpg 1536w, https:\/\/mice-luxembourg.com\/wp-content\/uploads\/2024\/11\/Q9A6672-2048x1365.jpg 2048w\" sizes=\"(max-width: 2560px) 100vw, 2560px\" \/><div class=\"wp-block-cover__inner-container is-layout-flow wp-block-cover-is-layout-flow\">\n<div class=\"wp-block-group is-layout-constrained wp-block-group-is-layout-constrained\">\n<div class=\"wp-block-columns is-layout-flex wp-container-core-columns-is-layout-9d6595d7 wp-block-columns-is-layout-flex\">\n<div class=\"wp-block-column is-layout-flow wp-block-column-is-layout-flow\" style=\"flex-basis:20%\"><\/div>\n\n\n\n<div class=\"wp-block-column is-layout-flow wp-block-column-is-layout-flow\" style=\"flex-basis:60%\">\n<div class=\"wp-block-group is-layout-constrained wp-block-group-is-layout-constrained\">\n<h1 class=\"wp-block-heading has-text-align-center has-white-color has-text-color\"><strong>Restauration<\/strong><\/h1>\n\n\n\n<p class=\"has-text-align-center has-white-color has-text-color\"><strong>Donnez une dimension sup\u00e9rieure \u00e0 votre \u00e9v\u00e9nement avec nos offres culinaires exceptionnelles.<\/strong><\/p>\n\n\n\n<p class=\"has-text-align-center has-white-color has-text-color\">Notre chef et son \u00e9quipe sont d\u00e9di\u00e9s \u00e0 la cr\u00e9ation d&rsquo;un menu qui r\u00e9pond \u00e0 vos pr\u00e9f\u00e9rences. Que vous organisiez un s\u00e9minaire d&rsquo;entreprise, ou une c\u00e9l\u00e9bration importante, notre \u00e9quipe de restauration s&rsquo;assure que chaque bouch\u00e9e laisse une impression durable. D\u00e9couvrez une fusion de saveurs qui \u00e9l\u00e8vera votre \u00e9v\u00e9nement au niveau sup\u00e9rieur.<\/p>\n<\/div>\n<\/div>\n\n\n\n<div class=\"wp-block-column is-layout-flow wp-block-column-is-layout-flow\" style=\"flex-basis:20%\"><\/div>\n<\/div>\n<\/div>\n<\/div><\/div>\n\n\n\n<div style=\"height:49px\" aria-hidden=\"true\" class=\"wp-block-spacer\"><\/div>\n\n\n\n<div class=\"wp-block-buttons is-content-justification-center is-layout-flex wp-container-core-buttons-is-layout-885d2df5 wp-block-buttons-is-layout-flex\" style=\"margin-top:1.5em\">\n<div class=\"wp-block-button is-style-fill\"><a class=\"wp-block-button__link wp-element-button\" href=\"http:\/\/mice-luxembourg.com\/fr\/demande-devenement\/\">DEMANDE D&rsquo;<strong>\u00c9<\/strong>V\u00c8NEMENT<\/a><\/div>\n<\/div>\n\n\n\n<div class=\"wp-block-group is-layout-constrained wp-container-core-group-is-layout-48c9aa2a wp-block-group-is-layout-constrained\">\n<div style=\"height:62px\" aria-hidden=\"true\" class=\"wp-block-spacer\"><\/div>\n\n\n\n<h2 class=\"wp-block-heading has-text-align-center\" style=\"font-weight:700\">D\u00c9COUVREZ NOS OFFRES D<strong>\u00c9<\/strong>DI<strong>\u00c9<\/strong>ES \u00c0 VOTRE <strong>\u00c9<\/strong>V\u00c8NEMENT<\/h2>\n\n\n\n<p class=\"has-text-align-center\">Cr\u00e9ation de moments m\u00e9morables gr\u00e2ce \u00e0 une restauration exceptionnelle.<\/p>\n\n\n\n<div style=\"height:25px\" aria-hidden=\"true\" class=\"wp-block-spacer\"><\/div>\n\n\n\n<div class=\"wp-block-columns is-layout-flex wp-container-core-columns-is-layout-9d6595d7 wp-block-columns-is-layout-flex\">\n<div class=\"wp-block-column is-layout-flow wp-block-column-is-layout-flow\" style=\"flex-basis:100%\">\n<div class=\"wp-block-group is-layout-constrained wp-block-group-is-layout-constrained\"><ul class=\"wp-block-latest-posts__list is-grid columns-3 wp-block-latest-posts\"><li><div class=\"wp-block-latest-posts__featured-image aligncenter\"><a href=\"https:\/\/mice-luxembourg.com\/fr\/easy-catering\/\" aria-label=\"LES CLASSIQUES\"><img decoding=\"async\" width=\"1024\" height=\"683\" src=\"https:\/\/mice-luxembourg.com\/wp-content\/uploads\/2023\/10\/Shooting_Photos_Junco_2829_09_24-98-1024x683.jpg\" class=\"attachment-large size-large wp-post-image\" alt=\"\" style=\"max-width:768px;max-height:768px;\" srcset=\"https:\/\/mice-luxembourg.com\/wp-content\/uploads\/2023\/10\/Shooting_Photos_Junco_2829_09_24-98-1024x683.jpg 1024w, https:\/\/mice-luxembourg.com\/wp-content\/uploads\/2023\/10\/Shooting_Photos_Junco_2829_09_24-98-300x200.jpg 300w, https:\/\/mice-luxembourg.com\/wp-content\/uploads\/2023\/10\/Shooting_Photos_Junco_2829_09_24-98-768x512.jpg 768w, https:\/\/mice-luxembourg.com\/wp-content\/uploads\/2023\/10\/Shooting_Photos_Junco_2829_09_24-98-1536x1024.jpg 1536w, https:\/\/mice-luxembourg.com\/wp-content\/uploads\/2023\/10\/Shooting_Photos_Junco_2829_09_24-98.jpg 2048w\" sizes=\"(max-width: 1024px) 100vw, 1024px\" \/><\/a><\/div><a class=\"wp-block-latest-posts__post-title\" href=\"https:\/\/mice-luxembourg.com\/fr\/easy-catering\/\">LES CLASSIQUES<\/a><div class=\"wp-block-latest-posts__post-excerpt\">La solution sans tracas pour vos besoins en restauration \u00e9v\u00e9nementielle. Notre formule Easy Catering \u00e9limine le stress de la planification en offrant une exp\u00e9rience sans faille avec des options d\u00e9licieuses et personnalisables qui impressionneront vos invit\u00e9s.<\/div><\/li>\n<li><div class=\"wp-block-latest-posts__featured-image aligncenter\"><a href=\"https:\/\/mice-luxembourg.com\/fr\/cocktails-aperitifs\/\" aria-label=\"COCKTAILS &amp; AP\u00c9RITIFS\"><img decoding=\"async\" width=\"1024\" height=\"683\" src=\"https:\/\/mice-luxembourg.com\/wp-content\/uploads\/2023\/07\/Shooting_Photos_Junco_2829_09_24-98-2-1024x683.jpg\" class=\"attachment-large size-large wp-post-image\" alt=\"\" style=\"max-width:768px;max-height:768px;\" srcset=\"https:\/\/mice-luxembourg.com\/wp-content\/uploads\/2023\/07\/Shooting_Photos_Junco_2829_09_24-98-2-1024x683.jpg 1024w, https:\/\/mice-luxembourg.com\/wp-content\/uploads\/2023\/07\/Shooting_Photos_Junco_2829_09_24-98-2-300x200.jpg 300w, https:\/\/mice-luxembourg.com\/wp-content\/uploads\/2023\/07\/Shooting_Photos_Junco_2829_09_24-98-2-768x512.jpg 768w, https:\/\/mice-luxembourg.com\/wp-content\/uploads\/2023\/07\/Shooting_Photos_Junco_2829_09_24-98-2.jpg 1536w\" sizes=\"(max-width: 1024px) 100vw, 1024px\" \/><\/a><\/div><a class=\"wp-block-latest-posts__post-title\" href=\"https:\/\/mice-luxembourg.com\/fr\/cocktails-aperitifs\/\">COCKTAILS &amp; AP\u00c9RITIFS<\/a><div class=\"wp-block-latest-posts__post-excerpt\">Rehaussez vos rassemblements avec nos offres exquises de cocktails et d&rsquo;amuse-bouches. Des cocktails artisanaux aux d\u00e9licieux petits encas, notre s\u00e9lection promet une exp\u00e9rience d\u00e9licieuse pour vous et vos invit\u00e9s.<\/div><\/li>\n<li><div class=\"wp-block-latest-posts__featured-image aligncenter\"><a href=\"https:\/\/mice-luxembourg.com\/fr\/repas\/\" aria-label=\"BANQUET\"><img decoding=\"async\" width=\"1024\" height=\"768\" src=\"https:\/\/mice-luxembourg.com\/wp-content\/uploads\/2023\/07\/Shooting_Photos_Junco_2829_09_24-47-1024x768.jpg\" class=\"attachment-large size-large wp-post-image\" alt=\"\" style=\"max-width:768px;max-height:768px;\" srcset=\"https:\/\/mice-luxembourg.com\/wp-content\/uploads\/2023\/07\/Shooting_Photos_Junco_2829_09_24-47-1024x768.jpg 1024w, https:\/\/mice-luxembourg.com\/wp-content\/uploads\/2023\/07\/Shooting_Photos_Junco_2829_09_24-47-300x225.jpg 300w, https:\/\/mice-luxembourg.com\/wp-content\/uploads\/2023\/07\/Shooting_Photos_Junco_2829_09_24-47-768x576.jpg 768w, https:\/\/mice-luxembourg.com\/wp-content\/uploads\/2023\/07\/Shooting_Photos_Junco_2829_09_24-47-1536x1152.jpg 1536w, https:\/\/mice-luxembourg.com\/wp-content\/uploads\/2023\/07\/Shooting_Photos_Junco_2829_09_24-47.jpg 2048w\" sizes=\"(max-width: 1024px) 100vw, 1024px\" \/><\/a><\/div><a class=\"wp-block-latest-posts__post-title\" href=\"https:\/\/mice-luxembourg.com\/fr\/repas\/\">BANQUET<\/a><div class=\"wp-block-latest-posts__post-excerpt\">D\u00e9couvrez une vari\u00e9t\u00e9 de d\u00e9lices culinaires pour votre banquet. Des menus sur mesure qui \u00e9merveilleront vos convives, qu&rsquo;il s&rsquo;agisse d&rsquo;une r\u00e9ception de mariage \u00e9l\u00e9gante, d&rsquo;une soir\u00e9e d&rsquo;entreprise ou de tout autre \u00e9v\u00e9nement. Faites votre choix parmi une s\u00e9lection all\u00e9chante de plats cr\u00e9atifs, pr\u00e9par\u00e9s avec des ingr\u00e9dients de saison. Laissez nos chefs exp\u00e9riment\u00e9s r\u00e9galer vos sens et ajouter une touche inoubliable \u00e0 votre occasion sp\u00e9ciale.<\/div><\/li>\n<\/ul><\/div>\n<\/div>\n<\/div>\n<\/div>\n\n\n\n<p class=\"has-text-align-center has-large-font-size\"><strong>OU SI VOUS PR\u00c9FEREZ PLUT\u00d4T ALLER AU RESTAURANT&#8230;<\/strong><\/p>\n\n\n\n<div style=\"height:18px\" aria-hidden=\"true\" class=\"wp-block-spacer\"><\/div>\n\n\n\n<div class=\"wp-block-media-text alignwide is-stacked-on-mobile\"><figure class=\"wp-block-media-text__media\"><img decoding=\"async\" width=\"1024\" height=\"683\" src=\"https:\/\/mice-luxembourg.com\/wp-content\/uploads\/2024\/10\/Junco_Luxembourg_10_2024_2969_FA-1024x683.jpg\" alt=\"\" class=\"wp-image-1981 size-full\" srcset=\"https:\/\/mice-luxembourg.com\/wp-content\/uploads\/2024\/10\/Junco_Luxembourg_10_2024_2969_FA-1024x683.jpg 1024w, https:\/\/mice-luxembourg.com\/wp-content\/uploads\/2024\/10\/Junco_Luxembourg_10_2024_2969_FA-300x200.jpg 300w, https:\/\/mice-luxembourg.com\/wp-content\/uploads\/2024\/10\/Junco_Luxembourg_10_2024_2969_FA-768x512.jpg 768w, https:\/\/mice-luxembourg.com\/wp-content\/uploads\/2024\/10\/Junco_Luxembourg_10_2024_2969_FA-1536x1024.jpg 1536w, https:\/\/mice-luxembourg.com\/wp-content\/uploads\/2024\/10\/Junco_Luxembourg_10_2024_2969_FA-2048x1366.jpg 2048w\" sizes=\"(max-width: 1024px) 100vw, 1024px\" \/><\/figure><div class=\"wp-block-media-text__content\">\n<h2 class=\"wp-block-heading\">Junco<\/h2>\n\n\n\n<p>Plus qu\u2019un simple restaurant, <strong>Junco<\/strong> vous invite \u00e0 vivre une exp\u00e9rience gustative unique. D\u00e9couvrez une cuisine m\u00e9diterran\u00e9enne, inspir\u00e9e des traditions portugaises, o\u00f9 chaque plat met \u00e0 l&rsquo;honneur des saveurs authentiques et des produits de saison.<\/p>\n\n\n\n<p>Dans une ambiance chaleureuse et conviviale, laissez-vous s\u00e9duire par des recettes savoureuses comme le c\u00e9l\u00e8bre Cabillaud en cro\u00fbte de ma\u00efs ou le Poulpe grill\u00e9. Chez <strong>Junco<\/strong>, le partage et la d\u00e9couverte sont au c\u0153ur de chaque repas. Reconnectez-vous aux plaisirs simples de la table et embarquez pour un voyage culinaire inoubliable.<\/p>\n\n\n\n<div class=\"wp-block-buttons is-content-justification-center is-layout-flex wp-container-core-buttons-is-layout-7b8ff3b0 wp-block-buttons-is-layout-flex\" style=\"margin-top:2em\">\n<div class=\"wp-block-button is-style-fill\"><a class=\"wp-block-button__link wp-element-button\" href=\"https:\/\/www.junco.lu\" target=\"_blank\" rel=\"noreferrer noopener\">R<strong>\u00c9<\/strong>SERVEZ VOTRE table<\/a><\/div>\n\n\n\n<div class=\"wp-block-button is-style-fill\"><a class=\"wp-block-button__link wp-element-button\" href=\"mailto:floriane.urbing@accor.com\" target=\"_blank\" rel=\"noreferrer noopener\">R\u00e9servation de groupe<\/a><\/div>\n<\/div>\n<\/div><\/div>\n\n\n\n<div class=\"wp-block-media-text alignwide has-media-on-the-right is-stacked-on-mobile\"><div class=\"wp-block-media-text__content\">\n<h2 class=\"wp-block-heading\">Dans le noir ? Luxembourg<\/h2>\n\n\n\n<p>Plus qu&rsquo;un simple restaurant, Dans le Noir? Luxembourg est un lieu au concept unique o\u00f9 vous d\u00e9gustez votre repas dans une obscurit\u00e9 totale. Plongez au c\u0153ur d&rsquo;une exp\u00e9rience inhabituelle et originale.<\/p>\n\n\n\n<p>Le restaurant Dans le Noir? offre dans le monde entier l&rsquo;opportunit\u00e9 de d\u00e9guster une cuisine gastronomique, cr\u00e9ative et de saison dans l&rsquo;obscurit\u00e9 totale, accompagn\u00e9e et servie par des guides inattendus. D\u00eener ou d\u00e9jeuner dans l&rsquo;obscurit\u00e9 compl\u00e8te est une exp\u00e9rience originale qui nous permet de r\u00e9\u00e9valuer notre perception du go\u00fbt tout en r\u00e9veillant nos sens, de redynamiser notre relation avec le monde et les autres, et de vivre une rencontre surprenante avec quelque chose de diff\u00e9rent.<\/p>\n\n\n\n<div class=\"wp-block-buttons is-content-justification-center is-layout-flex wp-container-core-buttons-is-layout-7b8ff3b0 wp-block-buttons-is-layout-flex\" style=\"margin-top:2em\">\n<div class=\"wp-block-button is-style-fill\"><a class=\"wp-block-button__link wp-element-button\" href=\"https:\/\/luxembourg.danslenoir.com\/\" target=\"_blank\" rel=\"noreferrer noopener\">R<strong>\u00c9<\/strong>SERVEZ VOTRE table<\/a><\/div>\n\n\n\n<div class=\"wp-block-button is-style-fill\"><a class=\"wp-block-button__link wp-element-button\" href=\"mailto:floriane.urbing@accor.com\" target=\"_blank\" rel=\"noreferrer noopener\">R\u00e9servation de groupe<\/a><\/div>\n<\/div>\n<\/div><figure class=\"wp-block-media-text__media\"><img decoding=\"async\" width=\"1024\" height=\"658\" src=\"https:\/\/mice-luxembourg.com\/wp-content\/uploads\/2024\/08\/Low-Quality-JPG-Ritz-Carlton-Mars-2024-223-1024x658.jpeg\" alt=\"\" class=\"wp-image-1949 size-full\" srcset=\"https:\/\/mice-luxembourg.com\/wp-content\/uploads\/2024\/08\/Low-Quality-JPG-Ritz-Carlton-Mars-2024-223-1024x658.jpeg 1024w, https:\/\/mice-luxembourg.com\/wp-content\/uploads\/2024\/08\/Low-Quality-JPG-Ritz-Carlton-Mars-2024-223-300x193.jpeg 300w, https:\/\/mice-luxembourg.com\/wp-content\/uploads\/2024\/08\/Low-Quality-JPG-Ritz-Carlton-Mars-2024-223-768x494.jpeg 768w, https:\/\/mice-luxembourg.com\/wp-content\/uploads\/2024\/08\/Low-Quality-JPG-Ritz-Carlton-Mars-2024-223.jpeg 1280w\" sizes=\"(max-width: 1024px) 100vw, 1024px\" \/><\/figure><\/div>\n\n\n\n<div style=\"height:26px\" aria-hidden=\"true\" class=\"wp-block-spacer\"><\/div>\n\n\n\n<p class=\"has-text-align-center has-medium-font-size\"><strong>LISTE DES ALLERG\u00c8NES<\/strong><\/p>\n\n\n\n<p class=\"has-text-align-center\">Nos plats peuvent contenir les allerg\u00e8nes suivants :<\/p>\n\n\n\n<p class=\"has-text-align-center\"><br><strong>1 &#8211;<\/strong> Gluten <strong>2 &#8211;<\/strong> Crustac\u00e9s <strong>3 &#8211;<\/strong> Oeufs <strong>4 &#8211;<\/strong> Poissons <strong>5 &#8211;<\/strong> Arachides <strong>6 &#8211;<\/strong> Soja <strong>7 &#8211;<\/strong> Lait <strong>8 &#8211;<\/strong> Fruits \u00e0 coques <strong>9 &#8211;<\/strong> C\u00e9leri <strong>10 &#8211;<\/strong> Moutarde <strong>11 &#8211; <\/strong>S\u00e9same <strong>12 &#8211;<\/strong> Sulfites <strong>13 &#8211;<\/strong> Lupin <strong>14 &#8211;<\/strong> Mollusques<\/p>\n\n\n\n<p class=\"has-text-align-center\"><br>La liste des allerg\u00e8nes est mentionn\u00e9e pour toutes nos prestations. <\/p>\n\n\n\n<p class=\"has-text-align-center\">En cas d\u2019allergies ou de r\u00e9gimes alimentaires sp\u00e9cifiques (vegan, v\u00e9g\u00e9tarien, sans gluten\u2026), notre chef adaptera nos propositions.<\/p>\n\n\n\n<div style=\"height:56px\" aria-hidden=\"true\" class=\"wp-block-spacer\"><\/div>\n","protected":false},"excerpt":{"rendered":"<p>D\u00c9COUVREZ NOS OFFRES D\u00c9DI\u00c9ES \u00c0 VOTRE \u00c9V\u00c8NEMENT Cr\u00e9ation de moments m\u00e9morables gr\u00e2ce \u00e0 une restauration exceptionnelle. OU SI VOUS PR\u00c9FEREZ PLUT\u00d4T ALLER AU RESTAURANT&#8230; LISTE DES ALLERG\u00c8NES Nos plats peuvent contenir les allerg\u00e8nes suivants : 1 &#8211; Gluten 2 &#8211; Crustac\u00e9s 3 &#8211; Oeufs 4 &#8211; Poissons 5 &#8211; Arachides 6 &#8211; Soja 7 &#8211; [&hellip;]<\/p>\n","protected":false},"author":1,"featured_media":0,"parent":0,"menu_order":0,"comment_status":"closed","ping_status":"closed","template":"","meta":{"_acf_changed":false,"footnotes":""},"class_list":["post-365","page","type-page","status-publish","hentry"],"acf":[],"yoast_head":"<!-- This site is optimized with the Yoast SEO plugin v27.3 - https:\/\/yoast.com\/product\/yoast-seo-wordpress\/ -->\n<title>Restauration - MICE Luxembourg<\/title>\n<meta name=\"robots\" content=\"index, follow, max-snippet:-1, max-image-preview:large, max-video-preview:-1\" \/>\n<link rel=\"canonical\" href=\"https:\/\/mice-luxembourg.com\/fr\/catering\/\" \/>\n<meta property=\"og:locale\" content=\"fr_FR\" \/>\n<meta property=\"og:type\" content=\"article\" \/>\n<meta property=\"og:title\" content=\"Restauration - MICE Luxembourg\" \/>\n<meta property=\"og:description\" content=\"D\u00c9COUVREZ NOS OFFRES D\u00c9DI\u00c9ES \u00c0 VOTRE \u00c9V\u00c8NEMENT Cr\u00e9ation de moments m\u00e9morables gr\u00e2ce \u00e0 une restauration exceptionnelle. OU SI VOUS PR\u00c9FEREZ PLUT\u00d4T ALLER AU RESTAURANT&#8230; LISTE DES ALLERG\u00c8NES Nos plats peuvent contenir les allerg\u00e8nes suivants : 1 &#8211; Gluten 2 &#8211; Crustac\u00e9s 3 &#8211; Oeufs 4 &#8211; Poissons 5 &#8211; Arachides 6 &#8211; Soja 7 &#8211; [&hellip;]\" \/>\n<meta property=\"og:url\" content=\"https:\/\/mice-luxembourg.com\/fr\/catering\/\" \/>\n<meta property=\"og:site_name\" content=\"MICE Luxembourg\" \/>\n<meta property=\"article:modified_time\" content=\"2025-01-13T16:16:29+00:00\" \/>\n<meta property=\"og:image\" content=\"https:\/\/mice-luxembourg.com\/wp-content\/uploads\/2024\/11\/Q9A6672-scaled.jpg\" \/>\n\t<meta property=\"og:image:width\" content=\"2560\" \/>\n\t<meta property=\"og:image:height\" content=\"1707\" \/>\n\t<meta property=\"og:image:type\" content=\"image\/jpeg\" \/>\n<meta name=\"twitter:card\" content=\"summary_large_image\" \/>\n<script type=\"application\/ld+json\" class=\"yoast-schema-graph\">{\"@context\":\"https:\\\/\\\/schema.org\",\"@graph\":[{\"@type\":\"WebPage\",\"@id\":\"https:\\\/\\\/mice-luxembourg.com\\\/fr\\\/catering\\\/\",\"url\":\"https:\\\/\\\/mice-luxembourg.com\\\/fr\\\/catering\\\/\",\"name\":\"Restauration - MICE Luxembourg\",\"isPartOf\":{\"@id\":\"https:\\\/\\\/mice-luxembourg.com\\\/#website\"},\"primaryImageOfPage\":{\"@id\":\"https:\\\/\\\/mice-luxembourg.com\\\/fr\\\/catering\\\/#primaryimage\"},\"image\":{\"@id\":\"https:\\\/\\\/mice-luxembourg.com\\\/fr\\\/catering\\\/#primaryimage\"},\"thumbnailUrl\":\"https:\\\/\\\/mice-luxembourg.com\\\/wp-content\\\/uploads\\\/2024\\\/11\\\/Q9A6672-scaled.jpg\",\"datePublished\":\"2023-07-27T13:14:57+00:00\",\"dateModified\":\"2025-01-13T16:16:29+00:00\",\"breadcrumb\":{\"@id\":\"https:\\\/\\\/mice-luxembourg.com\\\/fr\\\/catering\\\/#breadcrumb\"},\"inLanguage\":\"fr-FR\",\"potentialAction\":[{\"@type\":\"ReadAction\",\"target\":[\"https:\\\/\\\/mice-luxembourg.com\\\/fr\\\/catering\\\/\"]}]},{\"@type\":\"ImageObject\",\"inLanguage\":\"fr-FR\",\"@id\":\"https:\\\/\\\/mice-luxembourg.com\\\/fr\\\/catering\\\/#primaryimage\",\"url\":\"https:\\\/\\\/mice-luxembourg.com\\\/wp-content\\\/uploads\\\/2024\\\/11\\\/Q9A6672-scaled.jpg\",\"contentUrl\":\"https:\\\/\\\/mice-luxembourg.com\\\/wp-content\\\/uploads\\\/2024\\\/11\\\/Q9A6672-scaled.jpg\"},{\"@type\":\"BreadcrumbList\",\"@id\":\"https:\\\/\\\/mice-luxembourg.com\\\/fr\\\/catering\\\/#breadcrumb\",\"itemListElement\":[{\"@type\":\"ListItem\",\"position\":1,\"name\":\"Home\",\"item\":\"https:\\\/\\\/mice-luxembourg.com\\\/fr\\\/\"},{\"@type\":\"ListItem\",\"position\":2,\"name\":\"Restauration\"}]},{\"@type\":\"WebSite\",\"@id\":\"https:\\\/\\\/mice-luxembourg.com\\\/#website\",\"url\":\"https:\\\/\\\/mice-luxembourg.com\\\/\",\"name\":\"MICE Luxembourg\",\"description\":\"Novotel Luxembourg Kirchberg\",\"publisher\":{\"@id\":\"https:\\\/\\\/mice-luxembourg.com\\\/#organization\"},\"alternateName\":\"MICE LUX\",\"potentialAction\":[{\"@type\":\"SearchAction\",\"target\":{\"@type\":\"EntryPoint\",\"urlTemplate\":\"https:\\\/\\\/mice-luxembourg.com\\\/?s={search_term_string}\"},\"query-input\":{\"@type\":\"PropertyValueSpecification\",\"valueRequired\":true,\"valueName\":\"search_term_string\"}}],\"inLanguage\":\"fr-FR\"},{\"@type\":\"Organization\",\"@id\":\"https:\\\/\\\/mice-luxembourg.com\\\/#organization\",\"name\":\"MICE Luxembourg\",\"alternateName\":\"MICE LUX\",\"url\":\"https:\\\/\\\/mice-luxembourg.com\\\/\",\"logo\":{\"@type\":\"ImageObject\",\"inLanguage\":\"fr-FR\",\"@id\":\"https:\\\/\\\/mice-luxembourg.com\\\/#\\\/schema\\\/logo\\\/image\\\/\",\"url\":\"https:\\\/\\\/mice-luxembourg.com\\\/wp-content\\\/uploads\\\/2023\\\/07\\\/novotel-luxembourg-kirchberg-banquets-et-seminaires-logotype-white.svg\",\"contentUrl\":\"https:\\\/\\\/mice-luxembourg.com\\\/wp-content\\\/uploads\\\/2023\\\/07\\\/novotel-luxembourg-kirchberg-banquets-et-seminaires-logotype-white.svg\",\"caption\":\"MICE Luxembourg\"},\"image\":{\"@id\":\"https:\\\/\\\/mice-luxembourg.com\\\/#\\\/schema\\\/logo\\\/image\\\/\"}}]}<\/script>\n<!-- \/ Yoast SEO plugin. -->","yoast_head_json":{"title":"Restauration - MICE Luxembourg","robots":{"index":"index","follow":"follow","max-snippet":"max-snippet:-1","max-image-preview":"max-image-preview:large","max-video-preview":"max-video-preview:-1"},"canonical":"https:\/\/mice-luxembourg.com\/fr\/catering\/","og_locale":"fr_FR","og_type":"article","og_title":"Restauration - MICE Luxembourg","og_description":"D\u00c9COUVREZ NOS OFFRES D\u00c9DI\u00c9ES \u00c0 VOTRE \u00c9V\u00c8NEMENT Cr\u00e9ation de moments m\u00e9morables gr\u00e2ce \u00e0 une restauration exceptionnelle. OU SI VOUS PR\u00c9FEREZ PLUT\u00d4T ALLER AU RESTAURANT&#8230; LISTE DES ALLERG\u00c8NES Nos plats peuvent contenir les allerg\u00e8nes suivants : 1 &#8211; Gluten 2 &#8211; Crustac\u00e9s 3 &#8211; Oeufs 4 &#8211; Poissons 5 &#8211; Arachides 6 &#8211; Soja 7 &#8211; [&hellip;]","og_url":"https:\/\/mice-luxembourg.com\/fr\/catering\/","og_site_name":"MICE Luxembourg","article_modified_time":"2025-01-13T16:16:29+00:00","og_image":[{"width":2560,"height":1707,"url":"https:\/\/mice-luxembourg.com\/wp-content\/uploads\/2024\/11\/Q9A6672-scaled.jpg","type":"image\/jpeg"}],"twitter_card":"summary_large_image","schema":{"@context":"https:\/\/schema.org","@graph":[{"@type":"WebPage","@id":"https:\/\/mice-luxembourg.com\/fr\/catering\/","url":"https:\/\/mice-luxembourg.com\/fr\/catering\/","name":"Restauration - MICE Luxembourg","isPartOf":{"@id":"https:\/\/mice-luxembourg.com\/#website"},"primaryImageOfPage":{"@id":"https:\/\/mice-luxembourg.com\/fr\/catering\/#primaryimage"},"image":{"@id":"https:\/\/mice-luxembourg.com\/fr\/catering\/#primaryimage"},"thumbnailUrl":"https:\/\/mice-luxembourg.com\/wp-content\/uploads\/2024\/11\/Q9A6672-scaled.jpg","datePublished":"2023-07-27T13:14:57+00:00","dateModified":"2025-01-13T16:16:29+00:00","breadcrumb":{"@id":"https:\/\/mice-luxembourg.com\/fr\/catering\/#breadcrumb"},"inLanguage":"fr-FR","potentialAction":[{"@type":"ReadAction","target":["https:\/\/mice-luxembourg.com\/fr\/catering\/"]}]},{"@type":"ImageObject","inLanguage":"fr-FR","@id":"https:\/\/mice-luxembourg.com\/fr\/catering\/#primaryimage","url":"https:\/\/mice-luxembourg.com\/wp-content\/uploads\/2024\/11\/Q9A6672-scaled.jpg","contentUrl":"https:\/\/mice-luxembourg.com\/wp-content\/uploads\/2024\/11\/Q9A6672-scaled.jpg"},{"@type":"BreadcrumbList","@id":"https:\/\/mice-luxembourg.com\/fr\/catering\/#breadcrumb","itemListElement":[{"@type":"ListItem","position":1,"name":"Home","item":"https:\/\/mice-luxembourg.com\/fr\/"},{"@type":"ListItem","position":2,"name":"Restauration"}]},{"@type":"WebSite","@id":"https:\/\/mice-luxembourg.com\/#website","url":"https:\/\/mice-luxembourg.com\/","name":"MICE Luxembourg","description":"Novotel Luxembourg Kirchberg","publisher":{"@id":"https:\/\/mice-luxembourg.com\/#organization"},"alternateName":"MICE LUX","potentialAction":[{"@type":"SearchAction","target":{"@type":"EntryPoint","urlTemplate":"https:\/\/mice-luxembourg.com\/?s={search_term_string}"},"query-input":{"@type":"PropertyValueSpecification","valueRequired":true,"valueName":"search_term_string"}}],"inLanguage":"fr-FR"},{"@type":"Organization","@id":"https:\/\/mice-luxembourg.com\/#organization","name":"MICE Luxembourg","alternateName":"MICE LUX","url":"https:\/\/mice-luxembourg.com\/","logo":{"@type":"ImageObject","inLanguage":"fr-FR","@id":"https:\/\/mice-luxembourg.com\/#\/schema\/logo\/image\/","url":"https:\/\/mice-luxembourg.com\/wp-content\/uploads\/2023\/07\/novotel-luxembourg-kirchberg-banquets-et-seminaires-logotype-white.svg","contentUrl":"https:\/\/mice-luxembourg.com\/wp-content\/uploads\/2023\/07\/novotel-luxembourg-kirchberg-banquets-et-seminaires-logotype-white.svg","caption":"MICE Luxembourg"},"image":{"@id":"https:\/\/mice-luxembourg.com\/#\/schema\/logo\/image\/"}}]}},"_links":{"self":[{"href":"https:\/\/mice-luxembourg.com\/fr\/wp-json\/wp\/v2\/pages\/365","targetHints":{"allow":["GET"]}}],"collection":[{"href":"https:\/\/mice-luxembourg.com\/fr\/wp-json\/wp\/v2\/pages"}],"about":[{"href":"https:\/\/mice-luxembourg.com\/fr\/wp-json\/wp\/v2\/types\/page"}],"author":[{"embeddable":true,"href":"https:\/\/mice-luxembourg.com\/fr\/wp-json\/wp\/v2\/users\/1"}],"replies":[{"embeddable":true,"href":"https:\/\/mice-luxembourg.com\/fr\/wp-json\/wp\/v2\/comments?post=365"}],"version-history":[{"count":16,"href":"https:\/\/mice-luxembourg.com\/fr\/wp-json\/wp\/v2\/pages\/365\/revisions"}],"predecessor-version":[{"id":2307,"href":"https:\/\/mice-luxembourg.com\/fr\/wp-json\/wp\/v2\/pages\/365\/revisions\/2307"}],"wp:attachment":[{"href":"https:\/\/mice-luxembourg.com\/fr\/wp-json\/wp\/v2\/media?parent=365"}],"curies":[{"name":"wp","href":"https:\/\/api.w.org\/{rel}","templated":true}]}}