{"id":1893,"date":"2024-06-19T12:02:58","date_gmt":"2024-06-19T10:02:58","guid":{"rendered":"https:\/\/mice-luxembourg.com\/?page_id=1893"},"modified":"2024-06-19T12:03:39","modified_gmt":"2024-06-19T10:03:39","slug":"mentions-legales","status":"publish","type":"page","link":"https:\/\/mice-luxembourg.com\/fr\/mentions-legales\/","title":{"rendered":"Mentions l\u00e9gales"},"content":{"rendered":"\n<div style=\"height:100px\" aria-hidden=\"true\" class=\"wp-block-spacer\"><\/div>\n\n\n\n<div class=\"wp-block-columns is-layout-flex wp-container-core-columns-is-layout-9d6595d7 wp-block-columns-is-layout-flex\">\n<div class=\"wp-block-column is-layout-flow wp-block-column-is-layout-flow\" style=\"flex-basis:10%\"><\/div>\n\n\n\n<div class=\"wp-block-column is-layout-flow wp-block-column-is-layout-flow\">\n<h2 class=\"wp-block-heading\">Si\u00e8ge social<\/h2>\n\n\n\n<p>Novotel Luxembourg Kirchberg<br>6, rue du Fort Niedergr\u00fcnewald L-2226 Luxembourg<\/p>\n\n\n\n<p>TEL:&nbsp;<a href=\"tel:+352429848812\">+352 42 98 48 812<\/a><\/p>\n\n\n\n<h2 class=\"wp-block-heading\">Conception et h\u00e9bergement<\/h2>\n\n\n\n<p>Le site est d\u00e9velopp\u00e9 et h\u00e9berg\u00e9 par <br>Netsive : NETSIVE \u2013 Agence de communication &amp; Marketing \u2013 Luxembourg <br>N\u00b08 Hall 3, Z.I Am Bruch L-3327 \u2013 Crauthem (Luxembourg) <br>Email :&nbsp;<a href=\"https:\/\/netsive.com\/contact\" target=\"_blank\" rel=\"noreferrer noopener\">Nous contacter<\/a>&nbsp;<br>Tel : +352 27 12 61 74&nbsp;<a href=\"https:\/\/netsive.com\/\" target=\"_blank\" rel=\"noreferrer noopener\">https:\/\/netsive.com<\/a><\/p>\n\n\n\n<h2 class=\"wp-block-heading\">Conditions g\u00e9n\u00e9rales d\u2019utilisation<\/h2>\n\n\n\n<p>L\u2019utilisateur reconna\u00eet avoir pris connaissance de la pr\u00e9sente mention l\u00e9gale et s\u2019engage \u00e0 la respecter. Il reconna\u00eet avoir v\u00e9rifi\u00e9 que la configuration informatique qu\u2019il utilise ne contient aucun virus ou tout autre \u00ab logiciel malintentionn\u00e9 \u00bb et qu\u2019elle est en parfait \u00e9tat de fonctionnement. L\u2019utilisateur est seul responsable du choix, de l\u2019utilisation et de l\u2019interpr\u00e9tation des donn\u00e9es qu\u2019il consulte, interroge et transf\u00e8re sur l\u2019Internet.<\/p>\n\n\n\n<h2 class=\"wp-block-heading\">Contenu du site<\/h2>\n\n\n\n<p>MICE Luxembourg se r\u00e9serve le droit de corriger, \u00e0 tout moment et sans pr\u00e9avis, le contenu de ce site. MICE Luxembourg met tout en \u0153uvre pour offrir aux utilisateurs des informations mais ne saurait \u00eatre tenu pour responsable des erreurs, d\u2019une absence de disponibilit\u00e9 ou du caract\u00e8re caduque des informations. En aucun cas les informations contenues dans ce site ne peuvent constituer une garantie en cas d\u2019erreurs. L\u2019utilisateur qui constaterait des inexactitudes, des informations erron\u00e9es est invit\u00e9 \u00e0 en informer le Service de la Communication via le formulaire contact.<\/p>\n\n\n\n<h2 class=\"wp-block-heading\">Copyright<\/h2>\n\n\n\n<p>Toutes les informations disponibles sur le site sont prot\u00e9g\u00e9es par le droit d\u2019auteur. En l\u2019absence d\u2019indication contraire, la reproduction des textes de ce site \u00e0 des fins commerciales ou non est prohib\u00e9e. Toute exception \u00e0 ces r\u00e8gles requiert d\u2019obtenir au pr\u00e9alable un accord \u00e9crit de MICE Luxembourg. <br>Cr\u00e9dit photographiques : <br>Pexels, Unsplash<br>sauf mention contraire, les photographies de ce site Web sont prot\u00e9g\u00e9es par le droit d\u2019auteur et appartiennent \u00e0 MICE Luxembourg.<\/p>\n\n\n\n<h2 class=\"wp-block-heading\">Protection des donn\u00e9es<\/h2>\n\n\n\n<p>Conform\u00e9ment \u00e0 la loi du 2 ao\u00fbt 2002 relative \u00e0 la protection des personnes \u00e0 l\u2019\u00e9gard du traitement des donn\u00e9es \u00e0 caract\u00e8re personnel (voir sous&nbsp;<a href=\"http:\/\/www.legilux.lu\/\">http:\/\/www.legilux.lu\/<\/a>), l\u2019utilisateur du site dispose notamment d\u2019un droit d\u2019acc\u00e8s, de rectification et de suppression portant sur les donn\u00e9es personnelles le concernant. L\u2019utilisateur pourra exercer ces droits en envoyant un message au Service de Communication de MICE Luxembourg.<\/p>\n\n\n\n<h2 class=\"wp-block-heading\">Contact :<\/h2>\n\n\n\n<p>Novotel Luxembourg Kirchberg<\/p>\n\n\n\n<p>6, rue du Fort Niedergr\u00fcnewald L-2226 Luxembourg<br>TEL:&nbsp;<a href=\"tel:+352429848812\">+352 42 98 48 812<\/a><br>Email :&nbsp;<a href=\"mailto:h1930-sb2@accor.com\">floriane.urbing@accor.com<\/a><br><a href=\"mailto:h1930-sb1@accor.com\">claire.pierret@accor.com<\/a><\/p>\n<\/div>\n\n\n\n<div class=\"wp-block-column is-layout-flow wp-block-column-is-layout-flow\" style=\"flex-basis:10%\"><\/div>\n<\/div>\n\n\n\n<div style=\"height:100px\" aria-hidden=\"true\" class=\"wp-block-spacer\"><\/div>\n","protected":false},"excerpt":{"rendered":"<p>Si\u00e8ge social Novotel Luxembourg Kirchberg6, rue du Fort Niedergr\u00fcnewald L-2226 Luxembourg TEL:&nbsp;+352 42 98 48 812 Conception et h\u00e9bergement Le site est d\u00e9velopp\u00e9 et h\u00e9berg\u00e9 par Netsive : NETSIVE \u2013 Agence de communication &amp; Marketing \u2013 Luxembourg N\u00b08 Hall 3, Z.I Am Bruch L-3327 \u2013 Crauthem (Luxembourg) Email :&nbsp;Nous contacter&nbsp;Tel : +352 27 12 61 [&hellip;]<\/p>\n","protected":false},"author":1,"featured_media":0,"parent":0,"menu_order":0,"comment_status":"closed","ping_status":"closed","template":"","meta":{"_acf_changed":false,"footnotes":""},"class_list":["post-1893","page","type-page","status-publish","hentry"],"acf":[],"yoast_head":"<!-- This site is optimized with the Yoast SEO plugin v27.3 - https:\/\/yoast.com\/product\/yoast-seo-wordpress\/ -->\n<title>Mentions l\u00e9gales - MICE Luxembourg<\/title>\n<meta name=\"robots\" content=\"index, follow, max-snippet:-1, max-image-preview:large, max-video-preview:-1\" \/>\n<link rel=\"canonical\" href=\"https:\/\/mice-luxembourg.com\/fr\/mentions-legales\/\" \/>\n<meta property=\"og:locale\" content=\"fr_FR\" \/>\n<meta property=\"og:type\" content=\"article\" \/>\n<meta property=\"og:title\" content=\"Mentions l\u00e9gales - MICE Luxembourg\" \/>\n<meta property=\"og:description\" content=\"Si\u00e8ge social Novotel Luxembourg Kirchberg6, rue du Fort Niedergr\u00fcnewald L-2226 Luxembourg TEL:&nbsp;+352 42 98 48 812 Conception et h\u00e9bergement Le site est d\u00e9velopp\u00e9 et h\u00e9berg\u00e9 par Netsive : NETSIVE \u2013 Agence de communication &amp; Marketing \u2013 Luxembourg N\u00b08 Hall 3, Z.I Am Bruch L-3327 \u2013 Crauthem (Luxembourg) Email :&nbsp;Nous contacter&nbsp;Tel : +352 27 12 61 [&hellip;]\" \/>\n<meta property=\"og:url\" content=\"https:\/\/mice-luxembourg.com\/fr\/mentions-legales\/\" \/>\n<meta property=\"og:site_name\" content=\"MICE Luxembourg\" \/>\n<meta property=\"article:modified_time\" content=\"2024-06-19T10:03:39+00:00\" \/>\n<meta name=\"twitter:card\" content=\"summary_large_image\" \/>\n<meta name=\"twitter:label1\" content=\"Dur\u00e9e de lecture estim\u00e9e\" \/>\n\t<meta name=\"twitter:data1\" content=\"2 minutes\" \/>\n<script type=\"application\/ld+json\" class=\"yoast-schema-graph\">{\"@context\":\"https:\\\/\\\/schema.org\",\"@graph\":[{\"@type\":\"WebPage\",\"@id\":\"https:\\\/\\\/mice-luxembourg.com\\\/fr\\\/mentions-legales\\\/\",\"url\":\"https:\\\/\\\/mice-luxembourg.com\\\/fr\\\/mentions-legales\\\/\",\"name\":\"Mentions l\u00e9gales - MICE Luxembourg\",\"isPartOf\":{\"@id\":\"https:\\\/\\\/mice-luxembourg.com\\\/#website\"},\"datePublished\":\"2024-06-19T10:02:58+00:00\",\"dateModified\":\"2024-06-19T10:03:39+00:00\",\"breadcrumb\":{\"@id\":\"https:\\\/\\\/mice-luxembourg.com\\\/fr\\\/mentions-legales\\\/#breadcrumb\"},\"inLanguage\":\"fr-FR\",\"potentialAction\":[{\"@type\":\"ReadAction\",\"target\":[\"https:\\\/\\\/mice-luxembourg.com\\\/fr\\\/mentions-legales\\\/\"]}]},{\"@type\":\"BreadcrumbList\",\"@id\":\"https:\\\/\\\/mice-luxembourg.com\\\/fr\\\/mentions-legales\\\/#breadcrumb\",\"itemListElement\":[{\"@type\":\"ListItem\",\"position\":1,\"name\":\"Home\",\"item\":\"https:\\\/\\\/mice-luxembourg.com\\\/fr\\\/\"},{\"@type\":\"ListItem\",\"position\":2,\"name\":\"Mentions l\u00e9gales\"}]},{\"@type\":\"WebSite\",\"@id\":\"https:\\\/\\\/mice-luxembourg.com\\\/#website\",\"url\":\"https:\\\/\\\/mice-luxembourg.com\\\/\",\"name\":\"MICE Luxembourg\",\"description\":\"Novotel Luxembourg Kirchberg\",\"publisher\":{\"@id\":\"https:\\\/\\\/mice-luxembourg.com\\\/#organization\"},\"alternateName\":\"MICE LUX\",\"potentialAction\":[{\"@type\":\"SearchAction\",\"target\":{\"@type\":\"EntryPoint\",\"urlTemplate\":\"https:\\\/\\\/mice-luxembourg.com\\\/?s={search_term_string}\"},\"query-input\":{\"@type\":\"PropertyValueSpecification\",\"valueRequired\":true,\"valueName\":\"search_term_string\"}}],\"inLanguage\":\"fr-FR\"},{\"@type\":\"Organization\",\"@id\":\"https:\\\/\\\/mice-luxembourg.com\\\/#organization\",\"name\":\"MICE Luxembourg\",\"alternateName\":\"MICE LUX\",\"url\":\"https:\\\/\\\/mice-luxembourg.com\\\/\",\"logo\":{\"@type\":\"ImageObject\",\"inLanguage\":\"fr-FR\",\"@id\":\"https:\\\/\\\/mice-luxembourg.com\\\/#\\\/schema\\\/logo\\\/image\\\/\",\"url\":\"https:\\\/\\\/mice-luxembourg.com\\\/wp-content\\\/uploads\\\/2023\\\/07\\\/novotel-luxembourg-kirchberg-banquets-et-seminaires-logotype-white.svg\",\"contentUrl\":\"https:\\\/\\\/mice-luxembourg.com\\\/wp-content\\\/uploads\\\/2023\\\/07\\\/novotel-luxembourg-kirchberg-banquets-et-seminaires-logotype-white.svg\",\"caption\":\"MICE Luxembourg\"},\"image\":{\"@id\":\"https:\\\/\\\/mice-luxembourg.com\\\/#\\\/schema\\\/logo\\\/image\\\/\"}}]}<\/script>\n<!-- \/ Yoast SEO plugin. -->","yoast_head_json":{"title":"Mentions l\u00e9gales - MICE Luxembourg","robots":{"index":"index","follow":"follow","max-snippet":"max-snippet:-1","max-image-preview":"max-image-preview:large","max-video-preview":"max-video-preview:-1"},"canonical":"https:\/\/mice-luxembourg.com\/fr\/mentions-legales\/","og_locale":"fr_FR","og_type":"article","og_title":"Mentions l\u00e9gales - MICE Luxembourg","og_description":"Si\u00e8ge social Novotel Luxembourg Kirchberg6, rue du Fort Niedergr\u00fcnewald L-2226 Luxembourg TEL:&nbsp;+352 42 98 48 812 Conception et h\u00e9bergement Le site est d\u00e9velopp\u00e9 et h\u00e9berg\u00e9 par Netsive : NETSIVE \u2013 Agence de communication &amp; Marketing \u2013 Luxembourg N\u00b08 Hall 3, Z.I Am Bruch L-3327 \u2013 Crauthem (Luxembourg) Email :&nbsp;Nous contacter&nbsp;Tel : +352 27 12 61 [&hellip;]","og_url":"https:\/\/mice-luxembourg.com\/fr\/mentions-legales\/","og_site_name":"MICE Luxembourg","article_modified_time":"2024-06-19T10:03:39+00:00","twitter_card":"summary_large_image","twitter_misc":{"Dur\u00e9e de lecture estim\u00e9e":"2 minutes"},"schema":{"@context":"https:\/\/schema.org","@graph":[{"@type":"WebPage","@id":"https:\/\/mice-luxembourg.com\/fr\/mentions-legales\/","url":"https:\/\/mice-luxembourg.com\/fr\/mentions-legales\/","name":"Mentions l\u00e9gales - MICE Luxembourg","isPartOf":{"@id":"https:\/\/mice-luxembourg.com\/#website"},"datePublished":"2024-06-19T10:02:58+00:00","dateModified":"2024-06-19T10:03:39+00:00","breadcrumb":{"@id":"https:\/\/mice-luxembourg.com\/fr\/mentions-legales\/#breadcrumb"},"inLanguage":"fr-FR","potentialAction":[{"@type":"ReadAction","target":["https:\/\/mice-luxembourg.com\/fr\/mentions-legales\/"]}]},{"@type":"BreadcrumbList","@id":"https:\/\/mice-luxembourg.com\/fr\/mentions-legales\/#breadcrumb","itemListElement":[{"@type":"ListItem","position":1,"name":"Home","item":"https:\/\/mice-luxembourg.com\/fr\/"},{"@type":"ListItem","position":2,"name":"Mentions l\u00e9gales"}]},{"@type":"WebSite","@id":"https:\/\/mice-luxembourg.com\/#website","url":"https:\/\/mice-luxembourg.com\/","name":"MICE Luxembourg","description":"Novotel Luxembourg Kirchberg","publisher":{"@id":"https:\/\/mice-luxembourg.com\/#organization"},"alternateName":"MICE LUX","potentialAction":[{"@type":"SearchAction","target":{"@type":"EntryPoint","urlTemplate":"https:\/\/mice-luxembourg.com\/?s={search_term_string}"},"query-input":{"@type":"PropertyValueSpecification","valueRequired":true,"valueName":"search_term_string"}}],"inLanguage":"fr-FR"},{"@type":"Organization","@id":"https:\/\/mice-luxembourg.com\/#organization","name":"MICE Luxembourg","alternateName":"MICE LUX","url":"https:\/\/mice-luxembourg.com\/","logo":{"@type":"ImageObject","inLanguage":"fr-FR","@id":"https:\/\/mice-luxembourg.com\/#\/schema\/logo\/image\/","url":"https:\/\/mice-luxembourg.com\/wp-content\/uploads\/2023\/07\/novotel-luxembourg-kirchberg-banquets-et-seminaires-logotype-white.svg","contentUrl":"https:\/\/mice-luxembourg.com\/wp-content\/uploads\/2023\/07\/novotel-luxembourg-kirchberg-banquets-et-seminaires-logotype-white.svg","caption":"MICE Luxembourg"},"image":{"@id":"https:\/\/mice-luxembourg.com\/#\/schema\/logo\/image\/"}}]}},"_links":{"self":[{"href":"https:\/\/mice-luxembourg.com\/fr\/wp-json\/wp\/v2\/pages\/1893","targetHints":{"allow":["GET"]}}],"collection":[{"href":"https:\/\/mice-luxembourg.com\/fr\/wp-json\/wp\/v2\/pages"}],"about":[{"href":"https:\/\/mice-luxembourg.com\/fr\/wp-json\/wp\/v2\/types\/page"}],"author":[{"embeddable":true,"href":"https:\/\/mice-luxembourg.com\/fr\/wp-json\/wp\/v2\/users\/1"}],"replies":[{"embeddable":true,"href":"https:\/\/mice-luxembourg.com\/fr\/wp-json\/wp\/v2\/comments?post=1893"}],"version-history":[{"count":4,"href":"https:\/\/mice-luxembourg.com\/fr\/wp-json\/wp\/v2\/pages\/1893\/revisions"}],"predecessor-version":[{"id":1897,"href":"https:\/\/mice-luxembourg.com\/fr\/wp-json\/wp\/v2\/pages\/1893\/revisions\/1897"}],"wp:attachment":[{"href":"https:\/\/mice-luxembourg.com\/fr\/wp-json\/wp\/v2\/media?parent=1893"}],"curies":[{"name":"wp","href":"https:\/\/api.w.org\/{rel}","templated":true}]}}